{"id":475,"date":"2026-03-06T14:55:19","date_gmt":"2026-03-06T14:55:19","guid":{"rendered":"https:\/\/keypro-solutions.com\/?post_type=product&#038;p=475"},"modified":"2026-03-23T21:45:39","modified_gmt":"2026-03-23T21:45:39","slug":"easeus-todo-backup","status":"publish","type":"product","link":"https:\/\/keypro-solutions.com\/?product=easeus-todo-backup","title":{"rendered":"EaseUS Data Recovery Wizard MAC 17"},"content":{"rendered":"<h2><span dir=\"auto\">Mac data recovery made easy: EaseUS Data Recovery Wizard for Mac<\/span><\/h2>\n<p><span dir=\"auto\">Have you ever lost important files on your Mac and didn&#8217;t know how to recover them? Don&#8217;t worry, you&#8217;re not alone. Whether it&#8217;s due to accidental deletion, formatting, or a system crash, data loss can happen to anyone. But fortunately, there&#8217;s\u00a0<\/span><strong><span dir=\"auto\">EaseUS Data Recovery Wizard for Mac<\/span><\/strong><span dir=\"auto\">\u00a0, which was specifically designed to efficiently resolve such data loss issues. Keep reading to learn how to easily recover lost data with\u00a0<\/span><em><span dir=\"auto\">EaseUS Data Recovery Wizard for Mac<\/span><\/em><span dir=\"auto\">\u00a0.<\/span><\/p>\n<h2><strong><span dir=\"auto\">Reasons to use EaseUS Data Recovery Wizard for Mac<\/span><\/strong><\/h2>\n<p><span dir=\"auto\">EaseUS Data Recovery Wizard for Mac is a safe and professional Mac data recovery software that recovers your data on Mac-based devices in just three steps:<\/span><\/p>\n<ol>\n<li><span dir=\"auto\">Choose the location<\/span><\/li>\n<li><span dir=\"auto\">Scanner for files<\/span><\/li>\n<li><span dir=\"auto\">Preview and restore<\/span><\/li>\n<\/ol>\n<p><span dir=\"auto\">It&#8217;s frustrating to lose data, whether due to accidental deletion, formatting, or a system error. But with this powerful software, you can recover deleted files on your Mac even without a Time Machine backup.<\/span><\/p>\n<h2><span dir=\"auto\">Frequent data loss on Mac<\/span><\/h2>\n<p><span dir=\"auto\">Data loss can be caused by various reasons:<\/span><\/p>\n<ul>\n<li><span dir=\"auto\">Deletion without backup<\/span><\/li>\n<li><span dir=\"auto\">Formatting during macOS reinstallation<\/span><\/li>\n<li><span dir=\"auto\">Virus infection<\/span><\/li>\n<li><span dir=\"auto\">System crash<\/span><\/li>\n<li><span dir=\"auto\">Hardware error<\/span><\/li>\n<li><span dir=\"auto\">Unexpected stop<\/span><\/li>\n<li><span dir=\"auto\">Human error<\/span><\/li>\n<\/ul>\n<p><span dir=\"auto\">No matter how your data disappeared,\u00a0<\/span><strong><span dir=\"auto\">EaseUS Data Recovery Wizard for Mac<\/span><\/strong><span dir=\"auto\">\u00a0offers a solution. It can recover data in various scenarios, from an emptied Recycle Bin to damaged drives.<\/span><\/p>\n<h2><span dir=\"auto\">Recover Mac data<\/span><\/h2>\n<h3><span dir=\"auto\">Retrieve photos<\/span><\/h3>\n<p><span dir=\"auto\">Losing photos can be frustrating. But don&#8217;t worry, with EaseUS Mac data recovery software, you can recover all the missing images from your camera, memory card, hard drive, and USB flash drive.<\/span><\/p>\n<h3><span dir=\"auto\">Retrieve videos<\/span><\/h3>\n<p><span dir=\"auto\">Recover lost movies, TV shows, camera videos, and other recordings on your Mac.\u00a0<\/span><em><span dir=\"auto\">EaseUS Data Recovery Wizard for Mac<\/span><\/em><span dir=\"auto\">\u00a0supports all video file formats.<\/span><\/p>\n<h3><span dir=\"auto\">Restore a backup<\/span><\/h3>\n<p><span dir=\"auto\">EaseUS Data Recovery Wizard for Mac can not only restore data, but also extract data from a Time Machine backup or an iTunes backup.<\/span><\/p>\n<h2><span dir=\"auto\">Other recovery features<\/span><\/h2>\n<p><span dir=\"auto\">EaseUS Data Recovery Wizard for Mac offers several advanced features:<\/span><\/p>\n<ul>\n<li><strong><span dir=\"auto\">Scan mode:<\/span><\/strong><span dir=\"auto\">\u00a0Combined fast and deep scanning can load files faster.<\/span><\/li>\n<li><strong><span dir=\"auto\">File filter:<\/span><\/strong><span dir=\"auto\">\u00a0The filter helps you quickly find specific data from the scan results.<\/span><\/li>\n<li><strong><span dir=\"auto\">File preview:<\/span><\/strong><span dir=\"auto\">\u00a0The preview ensures that the files found are the ones you want.<\/span><\/li>\n<li><strong><span dir=\"auto\">Bootable media:<\/span><\/strong><span dir=\"auto\">\u00a0allows data to be recovered even if the system does not boot.<\/span><\/li>\n<li><strong><span dir=\"auto\">Data protection:<\/span><\/strong><span dir=\"auto\">\u00a0offers protection options to safeguard important files and restore them easily.<\/span><\/li>\n<li><strong><span dir=\"auto\">Retrieve to the cloud:<\/span><\/strong><span dir=\"auto\">\u00a0save your recovered data to cloud storage such as Dropbox, GoogleDrive or OneDrive.<\/span><\/li>\n<li><strong><span dir=\"auto\">Remote IT support:<\/span><\/strong><span dir=\"auto\">\u00a0EaseUS specialists offer a quick and easy solution to your data loss cases.<\/span><\/li>\n<\/ul>\n<h2><span dir=\"auto\">What&#8217;s new ?<\/span><\/h2>\n<ul>\n<li><span dir=\"auto\">Optimized recovery of unsaved documents<\/span><\/li>\n<li><span dir=\"auto\">Improved iCloud recovery function<\/span><\/li>\n<li><span dir=\"auto\">Increased scan speed<\/span><\/li>\n<li><span dir=\"auto\">Improved quality<\/span><\/li>\n<\/ul>\n<h2><span dir=\"auto\">System and hardware requirements<\/span><\/h2>\n<table>\n<tbody>\n<tr>\n<th><span dir=\"auto\">Category<\/span><\/th>\n<th><span dir=\"auto\">Requirements<\/span><\/th>\n<\/tr>\n<tr>\n<td><span dir=\"auto\">Operating system<\/span><\/td>\n<td><span dir=\"auto\">macOS 14.0 (Sonoma), macOS 12.3 (Monterey), macOS 12.0 (Monterey), macOS 11.0 (Big Sur), macOS 10.15 (Catalina), 10.14 (Mojave), macOS 10.13 (High Sierra), macOS 10.12 (Sierra), Mac OS Capitan), 10.10 (Yosemite), 10.9 (Mavericks)<\/span><\/td>\n<\/tr>\n<tr>\n<td><span dir=\"auto\">CPU<\/span><\/td>\n<td><span dir=\"auto\">At least 1 GHz<\/span><\/td>\n<\/tr>\n<tr>\n<td><span dir=\"auto\">Hard drive space<\/span><\/td>\n<td><span dir=\"auto\">At least 32 MB<\/span><\/td>\n<\/tr>\n<tr>\n<td><span dir=\"auto\">Supported language<\/span><\/td>\n<td><span dir=\"auto\">English, Deutsch, Espa\u00f1ol, Fran\u00e7ais, Italiano, Portugu\u00eas, Nederlands, \u65e5\u672c\u8a9e, \u4e2d\u6587 (\u7e41\u9ad4), \u4e2d\u6587 (\u7b80\u4f53)<\/span><\/td>\n<\/tr>\n<\/tbody>\n<\/table>\n<h2><span dir=\"auto\">Support for all data loss recovery procedures<\/span><\/h2>\n<h3><span dir=\"auto\">Data recovery for Mac<\/span><\/h3>\n<table>\n<tbody>\n<tr>\n<th><span dir=\"auto\">Cause<\/span><\/th>\n<th><span dir=\"auto\">Description<\/span><\/th>\n<\/tr>\n<tr>\n<td><span dir=\"auto\">Accidental deletion<\/span><\/td>\n<td><span dir=\"auto\">Accidentally deleted your files. Click &#8220;Move to Recycle Bin,&#8221; then press &#8220;Command + Delete&#8221; to delete them. Emptying the Recycle Bin without saving is also possible.<\/span><\/td>\n<\/tr>\n<tr>\n<td><span dir=\"auto\">Format<\/span><\/td>\n<td><span dir=\"auto\">Accidental formatting of your hard drive\/computer partition or SD card\/memory card, &#8220;The media\/drive is not formatted, do you want to format it now?&#8221;, formatting due to a virus infection or computer initialization<\/span><\/td>\n<\/tr>\n<tr>\n<td><span dir=\"auto\">Other situations<\/span><\/td>\n<td><span dir=\"auto\">Unexpected shutdown, software crash, storage device failure during the writing process, improperly ejected SD card, file loss due to device initialization, virus attack, memory\/SD card &#8220;access denied&#8221;, media card error, data loss due to system crash, Mac OS X reinstallation or update<\/span><\/td>\n<\/tr>\n<\/tbody>\n<\/table>\n<h2><span dir=\"auto\">Types of devices supported<\/span><\/h2>\n<table>\n<tbody>\n<tr>\n<th><span dir=\"auto\">Device type<\/span><\/th>\n<\/tr>\n<tr>\n<td><span dir=\"auto\">Mac PC\/Laptop\/Mini<\/span><\/td>\n<\/tr>\n<tr>\n<td><span dir=\"auto\">Memory card\/USB flash drive<\/span><\/td>\n<\/tr>\n<tr>\n<td><span dir=\"auto\">USB flash drive<\/span><\/td>\n<\/tr>\n<tr>\n<td><span dir=\"auto\">External hard drive\/SSD<\/span><\/td>\n<\/tr>\n<tr>\n<td><span dir=\"auto\">iPod, MP3\/MP4 music player<\/span><\/td>\n<\/tr>\n<tr>\n<td><span dir=\"auto\">SD card<\/span><\/td>\n<\/tr>\n<tr>\n<td><span dir=\"auto\">CF\/XD\/MMC Card<\/span><\/td>\n<\/tr>\n<tr>\n<td><span dir=\"auto\">Digital camera<\/span><\/td>\n<\/tr>\n<tr>\n<td><span dir=\"auto\">Other storage media<\/span><\/td>\n<\/tr>\n<\/tbody>\n<\/table>\n<h2><span dir=\"auto\">Recovery of unlimited file types<\/span><\/h2>\n<table>\n<tbody>\n<tr>\n<th><span dir=\"auto\">File type<\/span><\/th>\n<th><span dir=\"auto\">Supported formats<\/span><\/th>\n<\/tr>\n<tr>\n<td><span dir=\"auto\">Picture<\/span><\/td>\n<td><span dir=\"auto\">JPG\/JPEG, TIFF\/TIF, PNG, BMP, GIF, PSD, CRW, CR2, NEF, ORF, RAF, SR2, MRW, DCR, WMF, DNG, ERF, RAW, SWF, SVG, DWG, NRW, ARW, RW2, KDC, 3FR, MEF, PEF, SRW, X3F, DXF, FH11 etc.<\/span><\/td>\n<\/tr>\n<tr>\n<td><span dir=\"auto\">Music<\/span><\/td>\n<td><span dir=\"auto\">AIF\/AIFF, M4A, MP3, WAV, WMA, APE, MID\/MIDI, OGG, AAC, RealAudio, VQF, etc.<\/span><\/td>\n<\/tr>\n<tr>\n<td><span dir=\"auto\">Video<\/span><\/td>\n<td><span dir=\"auto\">AVI, MOV, MP4, M4V, 3GP, 3G2, WMV, ASF, FLV, SWF, MPG(MPEG), RM(RMVB), MKV, MXF, etc.<\/span><\/td>\n<\/tr>\n<tr>\n<td><span dir=\"auto\">Document<\/span><\/td>\n<td><span dir=\"auto\">DOC\/DOCX, XLS\/XLSX, PPT(PPT\/PPTX), PDF, CWK, HTML(HTM), INDD, EPS, PAGES, KEY, NUMBERS, VSD, ODT, ODP, ODS, ODG, ODF, RTF, PLIST, TAX, MAT, etc.<\/span><\/td>\n<\/tr>\n<tr>\n<td><span dir=\"auto\">Others<\/span><\/td>\n<td><span dir=\"auto\">Like emails, archives, exe, SIT\/SITX, FCPEVENT, dmg.<\/span><\/td>\n<\/tr>\n<\/tbody>\n<\/table>\n<p>&nbsp;<\/p>\n<h2><span dir=\"auto\">Supported file systems<\/span><\/h2>\n<table>\n<tbody>\n<tr>\n<th><span dir=\"auto\">File system<\/span><\/th>\n<\/tr>\n<tr>\n<td><span dir=\"auto\">APFS<\/span><\/td>\n<\/tr>\n<tr>\n<td><span dir=\"auto\">HFS+<\/span><\/td>\n<\/tr>\n<tr>\n<td><span dir=\"auto\">HFS X<\/span><\/td>\n<\/tr>\n<tr>\n<td><span dir=\"auto\">FAT (FAT16, FAT32)<\/span><\/td>\n<\/tr>\n<tr>\n<td><span dir=\"auto\">exFAT<\/span><\/td>\n<\/tr>\n<tr>\n<td><span dir=\"auto\">NTFS<\/span><\/td>\n<\/tr>\n<\/tbody>\n<\/table>\n","protected":false},"excerpt":{"rendered":"<p>Digitally delivered by email within a few minutes after payment confirmation. These are ESD digital licenses \u2014 all product keys are original and have no expiration date. They can be reinstalled on the same activated device at any time.<\/p>\n<p>By purchasing this product, you will receive the digital software download from our servers along with the product key needed for software activation, as well as detailed installation instructions.<\/p>\n<p>License previously used and relinquished by the former owner in compliance with\u00a0<strong>CJEU ruling C-128\/2011 : <\/strong><\/p>\n<ul>\n<li>License valid for 1 device<\/li>\n<li>Compatible with Windows<\/li>\n<li>Instant digital delivery<\/li>\n<li>24\/7 support, also available via WhatsApp<\/li>\n<li>No expiration<\/li>\n<li>Reusable after formatting<\/li>\n<li>Lifetime updates<\/li>\n<\/ul>\n","protected":false},"featured_media":683,"comment_status":"open","ping_status":"closed","template":"","meta":[],"product_brand":[],"product_cat":[21,62],"product_tag":[],"class_list":{"0":"post-475","1":"product","2":"type-product","3":"status-publish","4":"has-post-thumbnail","6":"product_cat-mac","7":"product_cat-software-mac","9":"first","10":"instock","11":"sale","12":"shipping-taxable","13":"purchasable","14":"product-type-simple"},"yoast_head":"<!-- This site is optimized with the Yoast SEO plugin v27.3 - https:\/\/yoast.com\/product\/yoast-seo-wordpress\/ -->\n<title>EaseUS Data Recovery Wizard MAC 17 - Key Pro Solutions<\/title>\n<meta name=\"robots\" content=\"index, follow, max-snippet:-1, max-image-preview:large, max-video-preview:-1\" \/>\n<link rel=\"canonical\" href=\"https:\/\/keypro-solutions.com\/?product=easeus-todo-backup\" \/>\n<meta property=\"og:locale\" content=\"en_US\" \/>\n<meta property=\"og:type\" content=\"article\" \/>\n<meta property=\"og:title\" content=\"EaseUS Data Recovery Wizard MAC 17 - Key Pro Solutions\" \/>\n<meta property=\"og:description\" content=\"Digitally delivered by email within a few minutes after payment confirmation. These are ESD digital licenses \u2014 all product keys are original and have no expiration date. They can be reinstalled on the same activated device at any time.  By purchasing this product, you will receive the digital software download from our servers along with the product key needed for software activation, as well as detailed installation instructions.  License previously used and relinquished by the former owner in compliance with\u00a0CJEU ruling C-128\/2011 :    License valid for 1 device  Compatible with Windows  Instant digital delivery  24\/7 support, also available via WhatsApp  No expiration  Reusable after formatting  Lifetime updates\" \/>\n<meta property=\"og:url\" content=\"https:\/\/keypro-solutions.com\/?product=easeus-todo-backup\" \/>\n<meta property=\"og:site_name\" content=\"Key Pro Solutions\" \/>\n<meta property=\"article:modified_time\" content=\"2026-03-23T21:45:39+00:00\" \/>\n<meta property=\"og:image\" content=\"https:\/\/keypro-solutions.com\/wp-content\/uploads\/2026\/03\/Capture-decran-2026-03-23-224301.png\" \/>\n\t<meta property=\"og:image:width\" content=\"622\" \/>\n\t<meta property=\"og:image:height\" content=\"750\" \/>\n\t<meta property=\"og:image:type\" content=\"image\/png\" \/>\n<meta name=\"twitter:card\" content=\"summary_large_image\" \/>\n<meta name=\"twitter:label1\" content=\"Est. reading time\" \/>\n\t<meta name=\"twitter:data1\" content=\"4 minutes\" \/>\n<script type=\"application\/ld+json\" class=\"yoast-schema-graph\">{\"@context\":\"https:\\\/\\\/schema.org\",\"@graph\":[{\"@type\":\"WebPage\",\"@id\":\"https:\\\/\\\/keypro-solutions.com\\\/?product=easeus-todo-backup\",\"url\":\"https:\\\/\\\/keypro-solutions.com\\\/?product=easeus-todo-backup\",\"name\":\"EaseUS Data Recovery Wizard MAC 17 - Key Pro Solutions\",\"isPartOf\":{\"@id\":\"https:\\\/\\\/keypro-solutions.com\\\/#website\"},\"primaryImageOfPage\":{\"@id\":\"https:\\\/\\\/keypro-solutions.com\\\/?product=easeus-todo-backup#primaryimage\"},\"image\":{\"@id\":\"https:\\\/\\\/keypro-solutions.com\\\/?product=easeus-todo-backup#primaryimage\"},\"thumbnailUrl\":\"https:\\\/\\\/keypro-solutions.com\\\/wp-content\\\/uploads\\\/2026\\\/03\\\/Capture-decran-2026-03-23-224301.png\",\"datePublished\":\"2026-03-06T14:55:19+00:00\",\"dateModified\":\"2026-03-23T21:45:39+00:00\",\"breadcrumb\":{\"@id\":\"https:\\\/\\\/keypro-solutions.com\\\/?product=easeus-todo-backup#breadcrumb\"},\"inLanguage\":\"en-US\",\"potentialAction\":[{\"@type\":\"ReadAction\",\"target\":[\"https:\\\/\\\/keypro-solutions.com\\\/?product=easeus-todo-backup\"]}]},{\"@type\":\"ImageObject\",\"inLanguage\":\"en-US\",\"@id\":\"https:\\\/\\\/keypro-solutions.com\\\/?product=easeus-todo-backup#primaryimage\",\"url\":\"https:\\\/\\\/keypro-solutions.com\\\/wp-content\\\/uploads\\\/2026\\\/03\\\/Capture-decran-2026-03-23-224301.png\",\"contentUrl\":\"https:\\\/\\\/keypro-solutions.com\\\/wp-content\\\/uploads\\\/2026\\\/03\\\/Capture-decran-2026-03-23-224301.png\",\"width\":622,\"height\":750},{\"@type\":\"BreadcrumbList\",\"@id\":\"https:\\\/\\\/keypro-solutions.com\\\/?product=easeus-todo-backup#breadcrumb\",\"itemListElement\":[{\"@type\":\"ListItem\",\"position\":1,\"name\":\"Home\",\"item\":\"https:\\\/\\\/keypro-solutions.com\\\/\"},{\"@type\":\"ListItem\",\"position\":2,\"name\":\"Shop\",\"item\":\"https:\\\/\\\/keypro-solutions.com\\\/?page_id=10\"},{\"@type\":\"ListItem\",\"position\":3,\"name\":\"EaseUS Data Recovery Wizard MAC 17\"}]},{\"@type\":\"WebSite\",\"@id\":\"https:\\\/\\\/keypro-solutions.com\\\/#website\",\"url\":\"https:\\\/\\\/keypro-solutions.com\\\/\",\"name\":\"Key Pro Solutions\",\"description\":\"\",\"publisher\":{\"@id\":\"https:\\\/\\\/keypro-solutions.com\\\/#organization\"},\"potentialAction\":[{\"@type\":\"SearchAction\",\"target\":{\"@type\":\"EntryPoint\",\"urlTemplate\":\"https:\\\/\\\/keypro-solutions.com\\\/?s={search_term_string}\"},\"query-input\":{\"@type\":\"PropertyValueSpecification\",\"valueRequired\":true,\"valueName\":\"search_term_string\"}}],\"inLanguage\":\"en-US\"},{\"@type\":\"Organization\",\"@id\":\"https:\\\/\\\/keypro-solutions.com\\\/#organization\",\"name\":\"Key Pro Solutions\",\"url\":\"https:\\\/\\\/keypro-solutions.com\\\/\",\"logo\":{\"@type\":\"ImageObject\",\"inLanguage\":\"en-US\",\"@id\":\"https:\\\/\\\/keypro-solutions.com\\\/#\\\/schema\\\/logo\\\/image\\\/\",\"url\":\"https:\\\/\\\/keypro-solutions.com\\\/wp-content\\\/uploads\\\/2026\\\/03\\\/Capture-decran-2026-03-14-210805.jpg\",\"contentUrl\":\"https:\\\/\\\/keypro-solutions.com\\\/wp-content\\\/uploads\\\/2026\\\/03\\\/Capture-decran-2026-03-14-210805.jpg\",\"width\":234,\"height\":90,\"caption\":\"Key Pro Solutions\"},\"image\":{\"@id\":\"https:\\\/\\\/keypro-solutions.com\\\/#\\\/schema\\\/logo\\\/image\\\/\"}}]}<\/script>\n<!-- \/ Yoast SEO plugin. -->","yoast_head_json":{"title":"EaseUS Data Recovery Wizard MAC 17 - Key Pro Solutions","robots":{"index":"index","follow":"follow","max-snippet":"max-snippet:-1","max-image-preview":"max-image-preview:large","max-video-preview":"max-video-preview:-1"},"canonical":"https:\/\/keypro-solutions.com\/?product=easeus-todo-backup","og_locale":"en_US","og_type":"article","og_title":"EaseUS Data Recovery Wizard MAC 17 - Key Pro Solutions","og_description":"Digitally delivered by email within a few minutes after payment confirmation. These are ESD digital licenses \u2014 all product keys are original and have no expiration date. They can be reinstalled on the same activated device at any time.  By purchasing this product, you will receive the digital software download from our servers along with the product key needed for software activation, as well as detailed installation instructions.  License previously used and relinquished by the former owner in compliance with\u00a0CJEU ruling C-128\/2011 :    License valid for 1 device  Compatible with Windows  Instant digital delivery  24\/7 support, also available via WhatsApp  No expiration  Reusable after formatting  Lifetime updates","og_url":"https:\/\/keypro-solutions.com\/?product=easeus-todo-backup","og_site_name":"Key Pro Solutions","article_modified_time":"2026-03-23T21:45:39+00:00","og_image":[{"width":622,"height":750,"url":"https:\/\/keypro-solutions.com\/wp-content\/uploads\/2026\/03\/Capture-decran-2026-03-23-224301.png","type":"image\/png"}],"twitter_card":"summary_large_image","twitter_misc":{"Est. reading time":"4 minutes"},"schema":{"@context":"https:\/\/schema.org","@graph":[{"@type":"WebPage","@id":"https:\/\/keypro-solutions.com\/?product=easeus-todo-backup","url":"https:\/\/keypro-solutions.com\/?product=easeus-todo-backup","name":"EaseUS Data Recovery Wizard MAC 17 - Key Pro Solutions","isPartOf":{"@id":"https:\/\/keypro-solutions.com\/#website"},"primaryImageOfPage":{"@id":"https:\/\/keypro-solutions.com\/?product=easeus-todo-backup#primaryimage"},"image":{"@id":"https:\/\/keypro-solutions.com\/?product=easeus-todo-backup#primaryimage"},"thumbnailUrl":"https:\/\/keypro-solutions.com\/wp-content\/uploads\/2026\/03\/Capture-decran-2026-03-23-224301.png","datePublished":"2026-03-06T14:55:19+00:00","dateModified":"2026-03-23T21:45:39+00:00","breadcrumb":{"@id":"https:\/\/keypro-solutions.com\/?product=easeus-todo-backup#breadcrumb"},"inLanguage":"en-US","potentialAction":[{"@type":"ReadAction","target":["https:\/\/keypro-solutions.com\/?product=easeus-todo-backup"]}]},{"@type":"ImageObject","inLanguage":"en-US","@id":"https:\/\/keypro-solutions.com\/?product=easeus-todo-backup#primaryimage","url":"https:\/\/keypro-solutions.com\/wp-content\/uploads\/2026\/03\/Capture-decran-2026-03-23-224301.png","contentUrl":"https:\/\/keypro-solutions.com\/wp-content\/uploads\/2026\/03\/Capture-decran-2026-03-23-224301.png","width":622,"height":750},{"@type":"BreadcrumbList","@id":"https:\/\/keypro-solutions.com\/?product=easeus-todo-backup#breadcrumb","itemListElement":[{"@type":"ListItem","position":1,"name":"Home","item":"https:\/\/keypro-solutions.com\/"},{"@type":"ListItem","position":2,"name":"Shop","item":"https:\/\/keypro-solutions.com\/?page_id=10"},{"@type":"ListItem","position":3,"name":"EaseUS Data Recovery Wizard MAC 17"}]},{"@type":"WebSite","@id":"https:\/\/keypro-solutions.com\/#website","url":"https:\/\/keypro-solutions.com\/","name":"Key Pro Solutions","description":"","publisher":{"@id":"https:\/\/keypro-solutions.com\/#organization"},"potentialAction":[{"@type":"SearchAction","target":{"@type":"EntryPoint","urlTemplate":"https:\/\/keypro-solutions.com\/?s={search_term_string}"},"query-input":{"@type":"PropertyValueSpecification","valueRequired":true,"valueName":"search_term_string"}}],"inLanguage":"en-US"},{"@type":"Organization","@id":"https:\/\/keypro-solutions.com\/#organization","name":"Key Pro Solutions","url":"https:\/\/keypro-solutions.com\/","logo":{"@type":"ImageObject","inLanguage":"en-US","@id":"https:\/\/keypro-solutions.com\/#\/schema\/logo\/image\/","url":"https:\/\/keypro-solutions.com\/wp-content\/uploads\/2026\/03\/Capture-decran-2026-03-14-210805.jpg","contentUrl":"https:\/\/keypro-solutions.com\/wp-content\/uploads\/2026\/03\/Capture-decran-2026-03-14-210805.jpg","width":234,"height":90,"caption":"Key Pro Solutions"},"image":{"@id":"https:\/\/keypro-solutions.com\/#\/schema\/logo\/image\/"}}]}},"_links":{"self":[{"href":"https:\/\/keypro-solutions.com\/index.php?rest_route=\/wp\/v2\/product\/475","targetHints":{"allow":["GET"]}}],"collection":[{"href":"https:\/\/keypro-solutions.com\/index.php?rest_route=\/wp\/v2\/product"}],"about":[{"href":"https:\/\/keypro-solutions.com\/index.php?rest_route=\/wp\/v2\/types\/product"}],"replies":[{"embeddable":true,"href":"https:\/\/keypro-solutions.com\/index.php?rest_route=%2Fwp%2Fv2%2Fcomments&post=475"}],"wp:featuredmedia":[{"embeddable":true,"href":"https:\/\/keypro-solutions.com\/index.php?rest_route=\/wp\/v2\/media\/683"}],"wp:attachment":[{"href":"https:\/\/keypro-solutions.com\/index.php?rest_route=%2Fwp%2Fv2%2Fmedia&parent=475"}],"wp:term":[{"taxonomy":"product_brand","embeddable":true,"href":"https:\/\/keypro-solutions.com\/index.php?rest_route=%2Fwp%2Fv2%2Fproduct_brand&post=475"},{"taxonomy":"product_cat","embeddable":true,"href":"https:\/\/keypro-solutions.com\/index.php?rest_route=%2Fwp%2Fv2%2Fproduct_cat&post=475"},{"taxonomy":"product_tag","embeddable":true,"href":"https:\/\/keypro-solutions.com\/index.php?rest_route=%2Fwp%2Fv2%2Fproduct_tag&post=475"}],"curies":[{"name":"wp","href":"https:\/\/api.w.org\/{rel}","templated":true}]}}