{"id":1238,"date":"2026-04-13T20:53:23","date_gmt":"2026-04-13T20:53:23","guid":{"rendered":"https:\/\/keypro-solutions.com\/?post_type=product&#038;p=1238"},"modified":"2026-04-13T20:53:23","modified_gmt":"2026-04-13T20:53:23","slug":"magix-music-maker-2023-plus","status":"publish","type":"product","link":"https:\/\/keypro-solutions.com\/?product=magix-music-maker-2023-plus","title":{"rendered":"Magix Music Maker 2023 Plus"},"content":{"rendered":"<h2><span dir=\"auto\">Making music can be so simple.<\/span><\/h2>\n<p><span dir=\"auto\">Do you love music and want to create your own? With MUSIC MAKER, you can create your own tracks and rhythms. Quickly, spontaneously, and without extensive prior knowledge: No other music software lets you succeed so fast.<\/span><\/p>\n<p><span dir=\"auto\">Soundpools consist of production-ready loops that can be used in almost any combination to make your arrangements amazing right from the start\u2014no music theory required! With over 260,000 loops and samples, you&#8217;re sure to find your style, from rock to pop, hip hop to techno. Still want more? Try our all-inclusive Loops Unlimited subscription for unlimited inspiration.<\/span><\/p>\n<h2><span dir=\"auto\">Buy Magix Music Maker Plus 2023 and enjoy the new features<\/span><\/h2>\n<p><strong><span dir=\"auto\">Beatbox Pro 2: Let your imagination run wild!<\/span><\/strong><br \/>\n<span dir=\"auto\">With the new Beatbox Pro 2, you can playfully create massive 32-step drum parts with kits and patterns for every style of music.<\/span><\/p>\n<p><strong><span dir=\"auto\">wizardFX Suite: Magical sound with 11 effects.<\/span><\/strong><br \/>\n<span dir=\"auto\">The wizardFX Suite is your mixing turbo for maximum creativity! Use the compressor, gate, reverb, delay, and seven other mega-effects.<\/span><\/p>\n<p><strong><span dir=\"auto\">modernEQ: Precise sound for every mix.<\/span><\/strong><br \/>\n<span dir=\"auto\">With modernEQ, you have direct influence over your sound spectrum: professional results in a snap.<\/span><\/p>\n<p>&nbsp;<\/p>\n<h2><span dir=\"auto\">Magix Music Maker Plus 2023 Improvements<\/span><\/h2>\n<p><span dir=\"auto\">The MIDI editor has been optimized and should provide a better overview, especially if you&#8217;re editing multiple clips simultaneously. With the new view, you can see all the clips in the current project at once. This makes it even easier to harmonize the different parts. A great feature!<\/span><\/p>\n<p>&nbsp;<\/p>\n<h3><span dir=\"auto\">System requirements<\/span><\/h3>\n<p><strong><span dir=\"auto\">Operating Systems<\/span><\/strong><br \/>\n<span dir=\"auto\">You need a 64-bit version of the following operating systems:\u00a0<\/span><strong><span dir=\"auto\">Windows 11 | Windows 10<\/span><\/strong><\/p>\n<p><strong><span dir=\"auto\">System Requirements<\/span><\/strong><\/p>\n<ul>\n<li><span dir=\"auto\">Processor: 2 GHz<\/span><\/li>\n<li><span dir=\"auto\">RAM: 2 GB<\/span><\/li>\n<li><span dir=\"auto\">Graphics card: onboard, minimum resolution 1280 x 768<\/span><\/li>\n<li><span dir=\"auto\">Sound card: onboard<\/span><\/li>\n<li><span dir=\"auto\">Hard drive space: from 1.5 GB for program installation<\/span><\/li>\n<li><span dir=\"auto\">Program languages: Deutsch, English, Espa\u00f1ol, Fran\u00e7ais, Italiano, Nederlands, Suomi, Polski, Portugu\u00eas, Svenska<\/span><\/li>\n<li><span dir=\"auto\">Internet connection: Required for registration, validation, and certain program functions. The software requires a one-time registration.<\/span><\/li>\n<\/ul>\n","protected":false},"excerpt":{"rendered":"<p>Digitally delivered by email within a few minutes after payment confirmation. These are ESD digital licenses \u2014 all product keys are original and have no expiration date. They can be reinstalled on the same activated device at any time.<\/p>\n<p>By purchasing this product, you will receive the digital software download from our servers along with the product key needed for software activation, as well as detailed installation instructions.<\/p>\n<p>License previously used and relinquished by the former owner in compliance with\u00a0<strong>CJEU ruling C-128\/2011 : <\/strong><\/p>\n<ul>\n<li>License valid for 1 device<\/li>\n<li>Compatible with Windows<\/li>\n<li>Instant digital delivery<\/li>\n<li>24\/7 support, also available via WhatsApp<\/li>\n<li>No expiration<\/li>\n<li>Reusable after formatting<\/li>\n<li>Lifetime updates<\/li>\n<\/ul>\n","protected":false},"featured_media":1239,"comment_status":"open","ping_status":"closed","template":"","meta":[],"product_brand":[],"product_cat":[41,23],"product_tag":[],"class_list":{"0":"post-1238","1":"product","2":"type-product","3":"status-publish","4":"has-post-thumbnail","6":"product_cat-other-softwares","7":"product_cat-software","9":"first","10":"instock","11":"sale","12":"shipping-taxable","13":"purchasable","14":"product-type-simple"},"yoast_head":"<!-- This site is optimized with the Yoast SEO plugin v27.3 - https:\/\/yoast.com\/product\/yoast-seo-wordpress\/ -->\n<title>Magix Music Maker 2023 Plus - Key Pro Solutions<\/title>\n<meta name=\"robots\" content=\"index, follow, max-snippet:-1, max-image-preview:large, max-video-preview:-1\" \/>\n<link rel=\"canonical\" href=\"https:\/\/keypro-solutions.com\/?product=magix-music-maker-2023-plus\" \/>\n<meta property=\"og:locale\" content=\"en_US\" \/>\n<meta property=\"og:type\" content=\"article\" \/>\n<meta property=\"og:title\" content=\"Magix Music Maker 2023 Plus - Key Pro Solutions\" \/>\n<meta property=\"og:description\" content=\"Digitally delivered by email within a few minutes after payment confirmation. These are ESD digital licenses \u2014 all product keys are original and have no expiration date. They can be reinstalled on the same activated device at any time.  By purchasing this product, you will receive the digital software download from our servers along with the product key needed for software activation, as well as detailed installation instructions.  License previously used and relinquished by the former owner in compliance with\u00a0CJEU ruling C-128\/2011 :    License valid for 1 device  Compatible with Windows  Instant digital delivery  24\/7 support, also available via WhatsApp  No expiration  Reusable after formatting  Lifetime updates\" \/>\n<meta property=\"og:url\" content=\"https:\/\/keypro-solutions.com\/?product=magix-music-maker-2023-plus\" \/>\n<meta property=\"og:site_name\" content=\"Key Pro Solutions\" \/>\n<meta property=\"og:image\" content=\"https:\/\/keypro-solutions.com\/wp-content\/uploads\/2026\/04\/Capture-decran-2026-04-13-225238.png\" \/>\n\t<meta property=\"og:image:width\" content=\"482\" \/>\n\t<meta property=\"og:image:height\" content=\"650\" \/>\n\t<meta property=\"og:image:type\" content=\"image\/png\" \/>\n<meta name=\"twitter:card\" content=\"summary_large_image\" \/>\n<meta name=\"twitter:label1\" content=\"Est. reading time\" \/>\n\t<meta name=\"twitter:data1\" content=\"2 minutes\" \/>\n<script type=\"application\/ld+json\" class=\"yoast-schema-graph\">{\"@context\":\"https:\\\/\\\/schema.org\",\"@graph\":[{\"@type\":\"WebPage\",\"@id\":\"https:\\\/\\\/keypro-solutions.com\\\/?product=magix-music-maker-2023-plus\",\"url\":\"https:\\\/\\\/keypro-solutions.com\\\/?product=magix-music-maker-2023-plus\",\"name\":\"Magix Music Maker 2023 Plus - Key Pro Solutions\",\"isPartOf\":{\"@id\":\"https:\\\/\\\/keypro-solutions.com\\\/#website\"},\"primaryImageOfPage\":{\"@id\":\"https:\\\/\\\/keypro-solutions.com\\\/?product=magix-music-maker-2023-plus#primaryimage\"},\"image\":{\"@id\":\"https:\\\/\\\/keypro-solutions.com\\\/?product=magix-music-maker-2023-plus#primaryimage\"},\"thumbnailUrl\":\"https:\\\/\\\/keypro-solutions.com\\\/wp-content\\\/uploads\\\/2026\\\/04\\\/Capture-decran-2026-04-13-225238.png\",\"datePublished\":\"2026-04-13T20:53:23+00:00\",\"breadcrumb\":{\"@id\":\"https:\\\/\\\/keypro-solutions.com\\\/?product=magix-music-maker-2023-plus#breadcrumb\"},\"inLanguage\":\"en-US\",\"potentialAction\":[{\"@type\":\"ReadAction\",\"target\":[\"https:\\\/\\\/keypro-solutions.com\\\/?product=magix-music-maker-2023-plus\"]}]},{\"@type\":\"ImageObject\",\"inLanguage\":\"en-US\",\"@id\":\"https:\\\/\\\/keypro-solutions.com\\\/?product=magix-music-maker-2023-plus#primaryimage\",\"url\":\"https:\\\/\\\/keypro-solutions.com\\\/wp-content\\\/uploads\\\/2026\\\/04\\\/Capture-decran-2026-04-13-225238.png\",\"contentUrl\":\"https:\\\/\\\/keypro-solutions.com\\\/wp-content\\\/uploads\\\/2026\\\/04\\\/Capture-decran-2026-04-13-225238.png\",\"width\":482,\"height\":650},{\"@type\":\"BreadcrumbList\",\"@id\":\"https:\\\/\\\/keypro-solutions.com\\\/?product=magix-music-maker-2023-plus#breadcrumb\",\"itemListElement\":[{\"@type\":\"ListItem\",\"position\":1,\"name\":\"Home\",\"item\":\"https:\\\/\\\/keypro-solutions.com\\\/\"},{\"@type\":\"ListItem\",\"position\":2,\"name\":\"Shop\",\"item\":\"https:\\\/\\\/keypro-solutions.com\\\/?page_id=10\"},{\"@type\":\"ListItem\",\"position\":3,\"name\":\"Magix Music Maker 2023 Plus\"}]},{\"@type\":\"WebSite\",\"@id\":\"https:\\\/\\\/keypro-solutions.com\\\/#website\",\"url\":\"https:\\\/\\\/keypro-solutions.com\\\/\",\"name\":\"Key Pro Solutions\",\"description\":\"\",\"publisher\":{\"@id\":\"https:\\\/\\\/keypro-solutions.com\\\/#organization\"},\"potentialAction\":[{\"@type\":\"SearchAction\",\"target\":{\"@type\":\"EntryPoint\",\"urlTemplate\":\"https:\\\/\\\/keypro-solutions.com\\\/?s={search_term_string}\"},\"query-input\":{\"@type\":\"PropertyValueSpecification\",\"valueRequired\":true,\"valueName\":\"search_term_string\"}}],\"inLanguage\":\"en-US\"},{\"@type\":\"Organization\",\"@id\":\"https:\\\/\\\/keypro-solutions.com\\\/#organization\",\"name\":\"Key Pro Solutions\",\"url\":\"https:\\\/\\\/keypro-solutions.com\\\/\",\"logo\":{\"@type\":\"ImageObject\",\"inLanguage\":\"en-US\",\"@id\":\"https:\\\/\\\/keypro-solutions.com\\\/#\\\/schema\\\/logo\\\/image\\\/\",\"url\":\"https:\\\/\\\/keypro-solutions.com\\\/wp-content\\\/uploads\\\/2026\\\/03\\\/Capture-decran-2026-03-14-210805.jpg\",\"contentUrl\":\"https:\\\/\\\/keypro-solutions.com\\\/wp-content\\\/uploads\\\/2026\\\/03\\\/Capture-decran-2026-03-14-210805.jpg\",\"width\":234,\"height\":90,\"caption\":\"Key Pro Solutions\"},\"image\":{\"@id\":\"https:\\\/\\\/keypro-solutions.com\\\/#\\\/schema\\\/logo\\\/image\\\/\"}}]}<\/script>\n<!-- \/ Yoast SEO plugin. -->","yoast_head_json":{"title":"Magix Music Maker 2023 Plus - Key Pro Solutions","robots":{"index":"index","follow":"follow","max-snippet":"max-snippet:-1","max-image-preview":"max-image-preview:large","max-video-preview":"max-video-preview:-1"},"canonical":"https:\/\/keypro-solutions.com\/?product=magix-music-maker-2023-plus","og_locale":"en_US","og_type":"article","og_title":"Magix Music Maker 2023 Plus - Key Pro Solutions","og_description":"Digitally delivered by email within a few minutes after payment confirmation. These are ESD digital licenses \u2014 all product keys are original and have no expiration date. They can be reinstalled on the same activated device at any time.  By purchasing this product, you will receive the digital software download from our servers along with the product key needed for software activation, as well as detailed installation instructions.  License previously used and relinquished by the former owner in compliance with\u00a0CJEU ruling C-128\/2011 :    License valid for 1 device  Compatible with Windows  Instant digital delivery  24\/7 support, also available via WhatsApp  No expiration  Reusable after formatting  Lifetime updates","og_url":"https:\/\/keypro-solutions.com\/?product=magix-music-maker-2023-plus","og_site_name":"Key Pro Solutions","og_image":[{"width":482,"height":650,"url":"https:\/\/keypro-solutions.com\/wp-content\/uploads\/2026\/04\/Capture-decran-2026-04-13-225238.png","type":"image\/png"}],"twitter_card":"summary_large_image","twitter_misc":{"Est. reading time":"2 minutes"},"schema":{"@context":"https:\/\/schema.org","@graph":[{"@type":"WebPage","@id":"https:\/\/keypro-solutions.com\/?product=magix-music-maker-2023-plus","url":"https:\/\/keypro-solutions.com\/?product=magix-music-maker-2023-plus","name":"Magix Music Maker 2023 Plus - Key Pro Solutions","isPartOf":{"@id":"https:\/\/keypro-solutions.com\/#website"},"primaryImageOfPage":{"@id":"https:\/\/keypro-solutions.com\/?product=magix-music-maker-2023-plus#primaryimage"},"image":{"@id":"https:\/\/keypro-solutions.com\/?product=magix-music-maker-2023-plus#primaryimage"},"thumbnailUrl":"https:\/\/keypro-solutions.com\/wp-content\/uploads\/2026\/04\/Capture-decran-2026-04-13-225238.png","datePublished":"2026-04-13T20:53:23+00:00","breadcrumb":{"@id":"https:\/\/keypro-solutions.com\/?product=magix-music-maker-2023-plus#breadcrumb"},"inLanguage":"en-US","potentialAction":[{"@type":"ReadAction","target":["https:\/\/keypro-solutions.com\/?product=magix-music-maker-2023-plus"]}]},{"@type":"ImageObject","inLanguage":"en-US","@id":"https:\/\/keypro-solutions.com\/?product=magix-music-maker-2023-plus#primaryimage","url":"https:\/\/keypro-solutions.com\/wp-content\/uploads\/2026\/04\/Capture-decran-2026-04-13-225238.png","contentUrl":"https:\/\/keypro-solutions.com\/wp-content\/uploads\/2026\/04\/Capture-decran-2026-04-13-225238.png","width":482,"height":650},{"@type":"BreadcrumbList","@id":"https:\/\/keypro-solutions.com\/?product=magix-music-maker-2023-plus#breadcrumb","itemListElement":[{"@type":"ListItem","position":1,"name":"Home","item":"https:\/\/keypro-solutions.com\/"},{"@type":"ListItem","position":2,"name":"Shop","item":"https:\/\/keypro-solutions.com\/?page_id=10"},{"@type":"ListItem","position":3,"name":"Magix Music Maker 2023 Plus"}]},{"@type":"WebSite","@id":"https:\/\/keypro-solutions.com\/#website","url":"https:\/\/keypro-solutions.com\/","name":"Key Pro Solutions","description":"","publisher":{"@id":"https:\/\/keypro-solutions.com\/#organization"},"potentialAction":[{"@type":"SearchAction","target":{"@type":"EntryPoint","urlTemplate":"https:\/\/keypro-solutions.com\/?s={search_term_string}"},"query-input":{"@type":"PropertyValueSpecification","valueRequired":true,"valueName":"search_term_string"}}],"inLanguage":"en-US"},{"@type":"Organization","@id":"https:\/\/keypro-solutions.com\/#organization","name":"Key Pro Solutions","url":"https:\/\/keypro-solutions.com\/","logo":{"@type":"ImageObject","inLanguage":"en-US","@id":"https:\/\/keypro-solutions.com\/#\/schema\/logo\/image\/","url":"https:\/\/keypro-solutions.com\/wp-content\/uploads\/2026\/03\/Capture-decran-2026-03-14-210805.jpg","contentUrl":"https:\/\/keypro-solutions.com\/wp-content\/uploads\/2026\/03\/Capture-decran-2026-03-14-210805.jpg","width":234,"height":90,"caption":"Key Pro Solutions"},"image":{"@id":"https:\/\/keypro-solutions.com\/#\/schema\/logo\/image\/"}}]}},"_links":{"self":[{"href":"https:\/\/keypro-solutions.com\/index.php?rest_route=\/wp\/v2\/product\/1238","targetHints":{"allow":["GET"]}}],"collection":[{"href":"https:\/\/keypro-solutions.com\/index.php?rest_route=\/wp\/v2\/product"}],"about":[{"href":"https:\/\/keypro-solutions.com\/index.php?rest_route=\/wp\/v2\/types\/product"}],"replies":[{"embeddable":true,"href":"https:\/\/keypro-solutions.com\/index.php?rest_route=%2Fwp%2Fv2%2Fcomments&post=1238"}],"wp:featuredmedia":[{"embeddable":true,"href":"https:\/\/keypro-solutions.com\/index.php?rest_route=\/wp\/v2\/media\/1239"}],"wp:attachment":[{"href":"https:\/\/keypro-solutions.com\/index.php?rest_route=%2Fwp%2Fv2%2Fmedia&parent=1238"}],"wp:term":[{"taxonomy":"product_brand","embeddable":true,"href":"https:\/\/keypro-solutions.com\/index.php?rest_route=%2Fwp%2Fv2%2Fproduct_brand&post=1238"},{"taxonomy":"product_cat","embeddable":true,"href":"https:\/\/keypro-solutions.com\/index.php?rest_route=%2Fwp%2Fv2%2Fproduct_cat&post=1238"},{"taxonomy":"product_tag","embeddable":true,"href":"https:\/\/keypro-solutions.com\/index.php?rest_route=%2Fwp%2Fv2%2Fproduct_tag&post=1238"}],"curies":[{"name":"wp","href":"https:\/\/api.w.org\/{rel}","templated":true}]}}