{"id":1134,"date":"2026-04-12T20:32:43","date_gmt":"2026-04-12T20:32:43","guid":{"rendered":"https:\/\/keypro-solutions.com\/?post_type=product&#038;p=1134"},"modified":"2026-04-12T20:32:43","modified_gmt":"2026-04-12T20:32:43","slug":"aiseesoft-mod-video-converter-windows","status":"publish","type":"product","link":"https:\/\/keypro-solutions.com\/?product=aiseesoft-mod-video-converter-windows","title":{"rendered":"Aiseesoft MOD Video Converter (Windows)"},"content":{"rendered":"<h1>Aiseesoft MOD Video Converter<\/h1>\n<div id=\"pro-txt\">\n<p><strong>Convertissez le fichier vid\u00e9o MOD en AVI, MP4, WMV, MOV et autres formats vid\u00e9o pour vos lecteurs multim\u00e9dia et appareils portables<\/strong><\/p>\n<p>\u2714 MOD vers tous les autres formats vid\u00e9o\/audio populaires<br \/>\numwandeln\u2714 MOD vers les formats vid\u00e9o 3D populaires<br \/>\nkonvertieren\u2714 Tout fichier source pour les appareils Apple, t\u00e9l\u00e9phone Android, PSP, PS3, Wii, Zune, Xbox et de nombreux autres appareils populaires<br \/>\numwandeln\u2714 Belles fonctions d&#8217;\u00e9dition<br \/>\nbieten\u2714 Compatible avec Windows 8<\/p>\n<\/div>\n<div><\/div>\n<div>\n<div class=\"feature-txt right\">\n<h2>Convertir les MOD et TOD en formats vid\u00e9o\/audio communs<\/h2>\n<p>Avec MOD Converter, vous pouvez convertir les fichiers vid\u00e9o MOD et TOD en presque tous les formats vid\u00e9o\/audio courants tels que MP4, AVI, MOV, WMV, MP3, FLAC, etc. Vous pouvez donc profiter de la vid\u00e9o MOD\/TOD sans aucune restriction d&#8217;appareil.<\/p>\n<\/div>\n<div class=\"feature-txt\">\n<h2>Ajoutez des effets 3D \u00e0 votre vid\u00e9o<\/h2>\n<p>Vous pouvez ajouter de superbes effets 3D \u00e0 votre vid\u00e9o pour cr\u00e9er des films en 3D. MOD Video Converter prend en charge diff\u00e9rents modes 3D, notamment Anaglyph 3D, Side by Side (Half Width) 3D, Side by Side (Full) 3D, Top and Bottom (Half Height) 3D et Top and Bottom (Full) 3D.<\/p>\n<\/div>\n<div class=\"feature-txt right\">\n<h2>Modifier et personnaliser le fichier vid\u00e9o<\/h2>\n<p>Personnalisez votre fichier vid\u00e9o en recadrant l&#8217;\u00e9cran vid\u00e9o, en ajoutant un filigrane texte\/image, en ajustant les effets vid\u00e9o, notamment la luminosit\u00e9, le contraste, la saturation, la teinte, etc. Gr\u00e2ce au puissant convertisseur MOD, vous pouvez \u00e9galement r\u00e9duire la longueur de la vid\u00e9o et assembler plusieurs clips vid\u00e9o.<\/p>\n<\/div>\n<div class=\"feature-txt\">\n<h2>Caract\u00e9ristiques pratiques<\/h2>\n<p>La fen\u00eatre int\u00e9gr\u00e9e vous permet de pr\u00e9visualiser l&#8217;effet du fichier source et du fichier de sortie. Vous pouvez \u00e9galement obtenir la sc\u00e8ne de film souhait\u00e9e en format JPEG, GIF ou BMP.<br \/>\nMOD Converter prend en charge la conversion par lots et vous permet de convertir plusieurs fichiers MOD en diff\u00e9rents formats de sortie \u00e0 la fois.<\/p>\n<p>&nbsp;<\/p>\n<div class=\"feature-item-box\">\n<ul>\n<li><img decoding=\"async\" src=\"https:\/\/www.aiseesoft.de\/images\/feature-new\/settings.jpg\" alt=\"Param\u00e8tres de l'offre\" \/>MOD Video Converter propose plusieurs r\u00e9glages, ce qui permet de mieux adapter son utilisation \u00e0 vos habitudes.<\/li>\n<li><img decoding=\"async\" src=\"https:\/\/www.aiseesoft.de\/images\/feature-new\/amd.jpg\" alt=\"AMD\" \/>La technologie AMD am\u00e9liore les performances de d\u00e9codage et d&#8217;encodage, ce qui rend la conversion des vid\u00e9os plus rapide et plus facile.<\/li>\n<li class=\"last\"><img decoding=\"async\" src=\"https:\/\/www.aiseesoft.de\/images\/feature-new\/nvidia.jpg\" alt=\"NVIDIA\" \/>La technologie CUDA multiplie la vitesse de conversion et la qualit\u00e9 de sortie.<\/li>\n<\/ul>\n<p>&nbsp;<\/p>\n<h1>Aiseesoft MOD Converter pour Mac<\/h1>\n<p>&nbsp;<\/p>\n<div id=\"pro-txt\">\n<p><strong>Meilleur convertisseur Mac MOD pour JVC\/Canon\/Panasonic Camcroder pour convertir les vid\u00e9os MOD et TOD en MP4, MOV, AVI, WMV, etc<\/strong><\/p>\n<p>\u2714 Vid\u00e9os MOD et TOD aux formats courants (formats HD et 3D inclus)<br \/>\numwandeln\u2714 Extraire la piste audio d&#8217;un fichier vid\u00e9o et la convertir dans d&#8217;autres formats<br \/>\nkonvertieren\u2714 MOD \u00e9diter les vid\u00e9os, comme le d\u00e9coupage, l&#8217;ajustement des effets vid\u00e9o, le filigrane des images ou du texte<br \/>\nhinzuf\u00fcgen\u2714 Conversion MOD avec l&#8217;image et la qualit\u00e9 audio d&#8217;origine<\/p>\n<\/div>\n<div><\/div>\n<div>\n<div class=\"feature-txt right\">\n<h2>Conversion de MOD en d&#8217;autres formats sous Mac OS X<\/h2>\n<p>Mac MOD Video Converter aide les utilisateurs \u00e0 convertir les vid\u00e9os MOD et TOD dans tous les formats populaires tels que MP4, MOV, AVI, WMV, MKV, etc. sur Mac OS X (y compris Yosemite 10.10). MOD Converter Mac prend \u00e9galement en charge la conversion entre presque tous les formats populaires.<\/p>\n<\/div>\n<div class=\"feature-txt\">\n<h2>Convertir un fichier vid\u00e9o MOD 2D en 3D<\/h2>\n<p>En outre, Mac MOD Converter est capable de cr\u00e9er des films en 3D \u00e0 partir de fichiers en 2D. Il prend en charge la 3D anaglyphe, la 3D c\u00f4te \u00e0 c\u00f4te (demi-largeur), la 3D c\u00f4te \u00e0 c\u00f4te (pleine), la 3D haut et bas (demi-hauteur) et la 3D haut et bas (pleine).<\/p>\n<\/div>\n<div class=\"feature-txt right\">\n<h2>Modifier et personnaliser le MOD<\/h2>\n<p>Gr\u00e2ce aux puissantes fonctions d&#8217;\u00e9dition, vous pouvez facilement modifier votre fichier vid\u00e9o MOD sur votre Macbook en coupant la longueur de la vid\u00e9o, en fusionnant des clips vid\u00e9o, en recadrant la taille de l&#8217;image vid\u00e9o, en ajoutant un filigrane, en ajustant les effets vid\u00e9o, etc.<\/p>\n<\/div>\n<div class=\"feature-txt\">\n<h2>Param\u00e8tres intelligents<\/h2>\n<p>La fen\u00eatre int\u00e9gr\u00e9e vous permet de pr\u00e9visualiser le fichier source et le fichier de sortie simultan\u00e9ment. Vous pouvez comparer l&#8217;effet vid\u00e9o avec la vid\u00e9o d&#8217;origine et l&#8217;ajuster ensuite. En outre, vous pourrez prendre des captures d&#8217;\u00e9cran des fichiers vid\u00e9o dans l&#8217;aper\u00e7u.<\/p>\n<\/div>\n<\/div>\n<\/div>\n<\/div>\n<\/div>\n","protected":false},"excerpt":{"rendered":"<p>Digitally delivered by email within a few minutes after payment confirmation. These are ESD digital licenses \u2014 all product keys are original and have no expiration date. They can be reinstalled on the same activated device at any time.<\/p>\n<p>By purchasing this product, you will receive the digital software download from our servers along with the product key needed for software activation, as well as detailed installation instructions.<\/p>\n<p>License previously used and relinquished by the former owner in compliance with\u00a0<strong>CJEU ruling C-128\/2011 : <\/strong><\/p>\n<ul>\n<li>License valid for 1 device<\/li>\n<li>Compatible with Windows<\/li>\n<li>Instant digital delivery<\/li>\n<li>24\/7 support, also available via WhatsApp<\/li>\n<li>No expiration<\/li>\n<li>Reusable after formatting<\/li>\n<li>Lifetime updates<\/li>\n<\/ul>\n","protected":false},"featured_media":1135,"comment_status":"open","ping_status":"closed","template":"","meta":[],"product_brand":[],"product_cat":[64,23],"product_tag":[],"class_list":{"0":"post-1134","1":"product","2":"type-product","3":"status-publish","4":"has-post-thumbnail","6":"product_cat-aiseesoft","7":"product_cat-software","9":"first","10":"instock","11":"sale","12":"shipping-taxable","13":"purchasable","14":"product-type-simple"},"yoast_head":"<!-- This site is optimized with the Yoast SEO plugin v27.3 - https:\/\/yoast.com\/product\/yoast-seo-wordpress\/ -->\n<title>Aiseesoft MOD Video Converter (Windows) - Key Pro Solutions<\/title>\n<meta name=\"robots\" content=\"index, follow, max-snippet:-1, max-image-preview:large, max-video-preview:-1\" \/>\n<link rel=\"canonical\" href=\"https:\/\/keypro-solutions.com\/?product=aiseesoft-mod-video-converter-windows\" \/>\n<meta property=\"og:locale\" content=\"en_US\" \/>\n<meta property=\"og:type\" content=\"article\" \/>\n<meta property=\"og:title\" content=\"Aiseesoft MOD Video Converter (Windows) - Key Pro Solutions\" \/>\n<meta property=\"og:description\" content=\"Digitally delivered by email within a few minutes after payment confirmation. These are ESD digital licenses \u2014 all product keys are original and have no expiration date. They can be reinstalled on the same activated device at any time.  By purchasing this product, you will receive the digital software download from our servers along with the product key needed for software activation, as well as detailed installation instructions.  License previously used and relinquished by the former owner in compliance with\u00a0CJEU ruling C-128\/2011 :    License valid for 1 device  Compatible with Windows  Instant digital delivery  24\/7 support, also available via WhatsApp  No expiration  Reusable after formatting  Lifetime updates\" \/>\n<meta property=\"og:url\" content=\"https:\/\/keypro-solutions.com\/?product=aiseesoft-mod-video-converter-windows\" \/>\n<meta property=\"og:site_name\" content=\"Key Pro Solutions\" \/>\n<meta property=\"og:image\" content=\"https:\/\/keypro-solutions.com\/wp-content\/uploads\/2026\/04\/Capture-decran-2026-04-12-223154.png\" \/>\n\t<meta property=\"og:image:width\" content=\"472\" \/>\n\t<meta property=\"og:image:height\" content=\"650\" \/>\n\t<meta property=\"og:image:type\" content=\"image\/png\" \/>\n<meta name=\"twitter:card\" content=\"summary_large_image\" \/>\n<meta name=\"twitter:label1\" content=\"Est. reading time\" \/>\n\t<meta name=\"twitter:data1\" content=\"4 minutes\" \/>\n<script type=\"application\/ld+json\" class=\"yoast-schema-graph\">{\"@context\":\"https:\\\/\\\/schema.org\",\"@graph\":[{\"@type\":\"WebPage\",\"@id\":\"https:\\\/\\\/keypro-solutions.com\\\/?product=aiseesoft-mod-video-converter-windows\",\"url\":\"https:\\\/\\\/keypro-solutions.com\\\/?product=aiseesoft-mod-video-converter-windows\",\"name\":\"Aiseesoft MOD Video Converter (Windows) - Key Pro Solutions\",\"isPartOf\":{\"@id\":\"https:\\\/\\\/keypro-solutions.com\\\/#website\"},\"primaryImageOfPage\":{\"@id\":\"https:\\\/\\\/keypro-solutions.com\\\/?product=aiseesoft-mod-video-converter-windows#primaryimage\"},\"image\":{\"@id\":\"https:\\\/\\\/keypro-solutions.com\\\/?product=aiseesoft-mod-video-converter-windows#primaryimage\"},\"thumbnailUrl\":\"https:\\\/\\\/keypro-solutions.com\\\/wp-content\\\/uploads\\\/2026\\\/04\\\/Capture-decran-2026-04-12-223154.png\",\"datePublished\":\"2026-04-12T20:32:43+00:00\",\"breadcrumb\":{\"@id\":\"https:\\\/\\\/keypro-solutions.com\\\/?product=aiseesoft-mod-video-converter-windows#breadcrumb\"},\"inLanguage\":\"en-US\",\"potentialAction\":[{\"@type\":\"ReadAction\",\"target\":[\"https:\\\/\\\/keypro-solutions.com\\\/?product=aiseesoft-mod-video-converter-windows\"]}]},{\"@type\":\"ImageObject\",\"inLanguage\":\"en-US\",\"@id\":\"https:\\\/\\\/keypro-solutions.com\\\/?product=aiseesoft-mod-video-converter-windows#primaryimage\",\"url\":\"https:\\\/\\\/keypro-solutions.com\\\/wp-content\\\/uploads\\\/2026\\\/04\\\/Capture-decran-2026-04-12-223154.png\",\"contentUrl\":\"https:\\\/\\\/keypro-solutions.com\\\/wp-content\\\/uploads\\\/2026\\\/04\\\/Capture-decran-2026-04-12-223154.png\",\"width\":472,\"height\":650},{\"@type\":\"BreadcrumbList\",\"@id\":\"https:\\\/\\\/keypro-solutions.com\\\/?product=aiseesoft-mod-video-converter-windows#breadcrumb\",\"itemListElement\":[{\"@type\":\"ListItem\",\"position\":1,\"name\":\"Home\",\"item\":\"https:\\\/\\\/keypro-solutions.com\\\/\"},{\"@type\":\"ListItem\",\"position\":2,\"name\":\"Shop\",\"item\":\"https:\\\/\\\/keypro-solutions.com\\\/?page_id=10\"},{\"@type\":\"ListItem\",\"position\":3,\"name\":\"Aiseesoft MOD Video Converter (Windows)\"}]},{\"@type\":\"WebSite\",\"@id\":\"https:\\\/\\\/keypro-solutions.com\\\/#website\",\"url\":\"https:\\\/\\\/keypro-solutions.com\\\/\",\"name\":\"Key Pro Solutions\",\"description\":\"\",\"publisher\":{\"@id\":\"https:\\\/\\\/keypro-solutions.com\\\/#organization\"},\"potentialAction\":[{\"@type\":\"SearchAction\",\"target\":{\"@type\":\"EntryPoint\",\"urlTemplate\":\"https:\\\/\\\/keypro-solutions.com\\\/?s={search_term_string}\"},\"query-input\":{\"@type\":\"PropertyValueSpecification\",\"valueRequired\":true,\"valueName\":\"search_term_string\"}}],\"inLanguage\":\"en-US\"},{\"@type\":\"Organization\",\"@id\":\"https:\\\/\\\/keypro-solutions.com\\\/#organization\",\"name\":\"Key Pro Solutions\",\"url\":\"https:\\\/\\\/keypro-solutions.com\\\/\",\"logo\":{\"@type\":\"ImageObject\",\"inLanguage\":\"en-US\",\"@id\":\"https:\\\/\\\/keypro-solutions.com\\\/#\\\/schema\\\/logo\\\/image\\\/\",\"url\":\"https:\\\/\\\/keypro-solutions.com\\\/wp-content\\\/uploads\\\/2026\\\/03\\\/Capture-decran-2026-03-14-210805.jpg\",\"contentUrl\":\"https:\\\/\\\/keypro-solutions.com\\\/wp-content\\\/uploads\\\/2026\\\/03\\\/Capture-decran-2026-03-14-210805.jpg\",\"width\":234,\"height\":90,\"caption\":\"Key Pro Solutions\"},\"image\":{\"@id\":\"https:\\\/\\\/keypro-solutions.com\\\/#\\\/schema\\\/logo\\\/image\\\/\"}}]}<\/script>\n<!-- \/ Yoast SEO plugin. -->","yoast_head_json":{"title":"Aiseesoft MOD Video Converter (Windows) - Key Pro Solutions","robots":{"index":"index","follow":"follow","max-snippet":"max-snippet:-1","max-image-preview":"max-image-preview:large","max-video-preview":"max-video-preview:-1"},"canonical":"https:\/\/keypro-solutions.com\/?product=aiseesoft-mod-video-converter-windows","og_locale":"en_US","og_type":"article","og_title":"Aiseesoft MOD Video Converter (Windows) - Key Pro Solutions","og_description":"Digitally delivered by email within a few minutes after payment confirmation. These are ESD digital licenses \u2014 all product keys are original and have no expiration date. They can be reinstalled on the same activated device at any time.  By purchasing this product, you will receive the digital software download from our servers along with the product key needed for software activation, as well as detailed installation instructions.  License previously used and relinquished by the former owner in compliance with\u00a0CJEU ruling C-128\/2011 :    License valid for 1 device  Compatible with Windows  Instant digital delivery  24\/7 support, also available via WhatsApp  No expiration  Reusable after formatting  Lifetime updates","og_url":"https:\/\/keypro-solutions.com\/?product=aiseesoft-mod-video-converter-windows","og_site_name":"Key Pro Solutions","og_image":[{"width":472,"height":650,"url":"https:\/\/keypro-solutions.com\/wp-content\/uploads\/2026\/04\/Capture-decran-2026-04-12-223154.png","type":"image\/png"}],"twitter_card":"summary_large_image","twitter_misc":{"Est. reading time":"4 minutes"},"schema":{"@context":"https:\/\/schema.org","@graph":[{"@type":"WebPage","@id":"https:\/\/keypro-solutions.com\/?product=aiseesoft-mod-video-converter-windows","url":"https:\/\/keypro-solutions.com\/?product=aiseesoft-mod-video-converter-windows","name":"Aiseesoft MOD Video Converter (Windows) - Key Pro Solutions","isPartOf":{"@id":"https:\/\/keypro-solutions.com\/#website"},"primaryImageOfPage":{"@id":"https:\/\/keypro-solutions.com\/?product=aiseesoft-mod-video-converter-windows#primaryimage"},"image":{"@id":"https:\/\/keypro-solutions.com\/?product=aiseesoft-mod-video-converter-windows#primaryimage"},"thumbnailUrl":"https:\/\/keypro-solutions.com\/wp-content\/uploads\/2026\/04\/Capture-decran-2026-04-12-223154.png","datePublished":"2026-04-12T20:32:43+00:00","breadcrumb":{"@id":"https:\/\/keypro-solutions.com\/?product=aiseesoft-mod-video-converter-windows#breadcrumb"},"inLanguage":"en-US","potentialAction":[{"@type":"ReadAction","target":["https:\/\/keypro-solutions.com\/?product=aiseesoft-mod-video-converter-windows"]}]},{"@type":"ImageObject","inLanguage":"en-US","@id":"https:\/\/keypro-solutions.com\/?product=aiseesoft-mod-video-converter-windows#primaryimage","url":"https:\/\/keypro-solutions.com\/wp-content\/uploads\/2026\/04\/Capture-decran-2026-04-12-223154.png","contentUrl":"https:\/\/keypro-solutions.com\/wp-content\/uploads\/2026\/04\/Capture-decran-2026-04-12-223154.png","width":472,"height":650},{"@type":"BreadcrumbList","@id":"https:\/\/keypro-solutions.com\/?product=aiseesoft-mod-video-converter-windows#breadcrumb","itemListElement":[{"@type":"ListItem","position":1,"name":"Home","item":"https:\/\/keypro-solutions.com\/"},{"@type":"ListItem","position":2,"name":"Shop","item":"https:\/\/keypro-solutions.com\/?page_id=10"},{"@type":"ListItem","position":3,"name":"Aiseesoft MOD Video Converter (Windows)"}]},{"@type":"WebSite","@id":"https:\/\/keypro-solutions.com\/#website","url":"https:\/\/keypro-solutions.com\/","name":"Key Pro Solutions","description":"","publisher":{"@id":"https:\/\/keypro-solutions.com\/#organization"},"potentialAction":[{"@type":"SearchAction","target":{"@type":"EntryPoint","urlTemplate":"https:\/\/keypro-solutions.com\/?s={search_term_string}"},"query-input":{"@type":"PropertyValueSpecification","valueRequired":true,"valueName":"search_term_string"}}],"inLanguage":"en-US"},{"@type":"Organization","@id":"https:\/\/keypro-solutions.com\/#organization","name":"Key Pro Solutions","url":"https:\/\/keypro-solutions.com\/","logo":{"@type":"ImageObject","inLanguage":"en-US","@id":"https:\/\/keypro-solutions.com\/#\/schema\/logo\/image\/","url":"https:\/\/keypro-solutions.com\/wp-content\/uploads\/2026\/03\/Capture-decran-2026-03-14-210805.jpg","contentUrl":"https:\/\/keypro-solutions.com\/wp-content\/uploads\/2026\/03\/Capture-decran-2026-03-14-210805.jpg","width":234,"height":90,"caption":"Key Pro Solutions"},"image":{"@id":"https:\/\/keypro-solutions.com\/#\/schema\/logo\/image\/"}}]}},"_links":{"self":[{"href":"https:\/\/keypro-solutions.com\/index.php?rest_route=\/wp\/v2\/product\/1134","targetHints":{"allow":["GET"]}}],"collection":[{"href":"https:\/\/keypro-solutions.com\/index.php?rest_route=\/wp\/v2\/product"}],"about":[{"href":"https:\/\/keypro-solutions.com\/index.php?rest_route=\/wp\/v2\/types\/product"}],"replies":[{"embeddable":true,"href":"https:\/\/keypro-solutions.com\/index.php?rest_route=%2Fwp%2Fv2%2Fcomments&post=1134"}],"wp:featuredmedia":[{"embeddable":true,"href":"https:\/\/keypro-solutions.com\/index.php?rest_route=\/wp\/v2\/media\/1135"}],"wp:attachment":[{"href":"https:\/\/keypro-solutions.com\/index.php?rest_route=%2Fwp%2Fv2%2Fmedia&parent=1134"}],"wp:term":[{"taxonomy":"product_brand","embeddable":true,"href":"https:\/\/keypro-solutions.com\/index.php?rest_route=%2Fwp%2Fv2%2Fproduct_brand&post=1134"},{"taxonomy":"product_cat","embeddable":true,"href":"https:\/\/keypro-solutions.com\/index.php?rest_route=%2Fwp%2Fv2%2Fproduct_cat&post=1134"},{"taxonomy":"product_tag","embeddable":true,"href":"https:\/\/keypro-solutions.com\/index.php?rest_route=%2Fwp%2Fv2%2Fproduct_tag&post=1134"}],"curies":[{"name":"wp","href":"https:\/\/api.w.org\/{rel}","templated":true}]}}