{"id":1117,"date":"2026-04-12T20:17:55","date_gmt":"2026-04-12T20:17:55","guid":{"rendered":"https:\/\/keypro-solutions.com\/?post_type=product&#038;p=1117"},"modified":"2026-04-12T20:17:55","modified_gmt":"2026-04-12T20:17:55","slug":"ashampoo-actioncam","status":"publish","type":"product","link":"https:\/\/keypro-solutions.com\/product\/ashampoo-actioncam\/","title":{"rendered":"Ashampoo ActionCam"},"content":{"rendered":"<div id=\"site_header\">\n<div id=\"reg\">\n<div class=\"fleft\">\n<h1><span dir=\"auto\">Ashampoo\u00ae ActionCam<\/span><\/h1>\n<\/div>\n<\/div>\n<h2 id=\"tag_line\"><span dir=\"auto\">Sensationally easy to enhance, stabilize, denoise, and trim videos<\/span><\/h2>\n<p>&nbsp;<\/p>\n<h3><span dir=\"auto\">Total camera stability without shake<\/span><\/h3>\n<p><span dir=\"auto\">Action cams are everywhere, even when things get hectic and events unfold quickly. This often results in shaky videos because the camera couldn&#8217;t stabilize them. It looks dynamic, but it&#8217;s also tiring to watch later. That&#8217;s why Ashampoo ActionCam features the latest generation of video stabilization! Even videos shot while moving or handheld get a smoother, more realistic camera image\u2014at maximum resolution, of course!<\/span><\/p>\n<h3><span dir=\"auto\">Stop lens distortion!<\/span><\/h3>\n<p><span dir=\"auto\">Wide-angle and fisheye lenses make you feel like you&#8217;re right in the middle of the action and you won&#8217;t miss a thing. When watching video on a computer or television, many people wish they could switch to a standard lens. Ashampoo ActionCam calculates the distortion effortlessly! This video editing software includes several built-in profiles for popular cameras like the GoPro line and delivers a distortion-free, realistic image with just one click!<\/span><\/p>\n<p><img decoding=\"async\" src=\"https:\/\/img.ashampoo.com\/images\/products\/0098\/submit.png\" alt=\"ActionCam Box &amp; Screenshot\" width=\"600\" border=\"0\" \/><\/p>\n<h3><span dir=\"auto\">Powerful contrast and color optimization<\/span><\/h3>\n<p><span dir=\"auto\">Next, enhance video quality by fine-tuning contrast and color. With just a few clicks, your recordings will look more vibrant, realistic, and engaging. White balance can make videos appear warmer or cooler, while selectively adjusting brightness, hue, shadows, and highlights creates unique image accents. Regardless of the source, your videos will benefit from a whole new look thanks to multi-layered optimization! That&#8217;s how powerful Action Cam video editing can be!<\/span><\/p>\n<h3><span dir=\"auto\">Efficient sharpening and fast processing<\/span><\/h3>\n<p><span dir=\"auto\">Focusing isn&#8217;t always perfect for fast-paced shots, and sharpness may also need improvement for drone flights. Ashampoo&#8217;s ActionCam delivers highly effective sharpness, eliminating even the last traces of blur in the image. And to get you back into the action quickly, you can enhance multiple video files at once\u2014the convenient batch processing makes it possible!<\/span><\/p>\n<h3><span dir=\"auto\">The video editing you need<\/span><\/h3>\n<p><span dir=\"auto\">Some programs have huge editors that take a long time to learn. But this Action Cam editing program has exactly what you really need! Simply rotate and tilt your videos 90\/180\/270 degrees or any angle you want. You can also easily trim to a specific area. Export only the best moments of your video or merge multiple photos and videos into a single clip!<\/span><\/p>\n<h3><span dir=\"auto\">Add text and effects<\/span><\/h3>\n<p><span dir=\"auto\">Often, videos only receive the finishing touch with inserted commentary or special effects. Ashampoo ActionCam lets you easily add text or use impressive effects like the tilt-shift filter. Here, a special look is created by selective blurring, making real landscape footage resemble miniatures. Unleash your creativity and emphasize where it has the most impact!<\/span><\/p>\n<h3><span dir=\"auto\">Change gears efficiently<\/span><\/h3>\n<p><span dir=\"auto\">Ashampoo ActionCam can also adjust the video playback speed. Most action cameras record at 60 frames per second or higher, which provides ample opportunity for captivating slow-motion footage. Of course, this also allows for impressive time-lapses, making it possible, for example, to speed up less important sections without needing additional editing.<\/span><\/p>\n<h3><span dir=\"auto\">Ideal for drone fans<\/span><\/h3>\n<p><span dir=\"auto\">But you can&#8217;t just edit GoPro or other action cam videos. Drones offer us stunning views that were reserved for pilots just a few years ago. With Ashampoo ActionCam, you can quickly and easily edit drone videos. Camera shake is particularly common, color and sharpness aren&#8217;t always optimal, and contrast needs improvement. In just a few clicks, Ashampoo ActionCam takes care of these issues and gives your astronomers the best possible image!<\/span><\/p>\n<table id=\"features_0098\" class=\"features\" cellspacing=\"0\">\n<tbody>\n<tr>\n<td class=\"td_border td_padd\" width=\"60%\"><strong><span dir=\"auto\">Functions<\/span><\/strong><\/td>\n<td class=\"td_border\" width=\"20%\"><\/td>\n<\/tr>\n<tr>\n<td width=\"60%\"><span dir=\"auto\">Powerful contrast and color optimization<\/span><\/td>\n<td class=\"td_border td_status_padd2\" align=\"center\" width=\"20%\">\n<div><span dir=\"auto\">\u25cf<\/span><\/div>\n<\/td>\n<\/tr>\n<tr>\n<td width=\"60%\"><span dir=\"auto\">Visual effects with fascinating results<\/span><\/td>\n<td class=\"td_border td_status_padd2\" align=\"center\" width=\"20%\">\n<div><span dir=\"auto\">\u25cf<\/span><\/div>\n<\/td>\n<\/tr>\n<tr>\n<td width=\"60%\"><span dir=\"auto\">Miniature effect thanks to the Tilt-Shift filter<\/span><\/td>\n<td class=\"td_border td_status_padd2\" align=\"center\" width=\"20%\">\n<div><span dir=\"auto\">\u25cf<\/span><\/div>\n<\/td>\n<\/tr>\n<tr>\n<td width=\"60%\"><span dir=\"auto\">Fisheye effect and wide-angle distortion removal<\/span><\/td>\n<td class=\"td_border td_status_padd2\" align=\"center\" width=\"20%\">\n<div><span dir=\"auto\">\u25cf<\/span><\/div>\n<\/td>\n<\/tr>\n<tr>\n<td width=\"60%\"><span dir=\"auto\">Ready-made profiles of the most popular Action Cams<\/span><\/td>\n<td class=\"td_border td_status_padd2\" align=\"center\" width=\"20%\">\n<div><span dir=\"auto\">\u25cf<\/span><\/div>\n<\/td>\n<\/tr>\n<tr>\n<td width=\"60%\"><span dir=\"auto\">Stabilizes shaky images very effectively and reliably<\/span><\/td>\n<td class=\"td_border td_status_padd2\" align=\"center\" width=\"20%\">\n<div><span dir=\"auto\">\u25cf<\/span><\/div>\n<\/td>\n<\/tr>\n<tr>\n<td width=\"60%\"><span dir=\"auto\">Automatic sharpening for a completely new visual experience<\/span><\/td>\n<td class=\"td_border td_status_padd2\" align=\"center\" width=\"20%\">\n<div><span dir=\"auto\">\u25cf<\/span><\/div>\n<\/td>\n<\/tr>\n<tr>\n<td width=\"60%\"><span dir=\"auto\">Sophisticated slow motion and fast motion thanks to a modified playback speed<\/span><\/td>\n<td class=\"td_border td_status_padd2\" align=\"center\" width=\"20%\">\n<div><span dir=\"auto\">\u25cf<\/span><\/div>\n<\/td>\n<\/tr>\n<tr>\n<td width=\"60%\"><span dir=\"auto\">Convenient addition of text<\/span><\/td>\n<td class=\"td_border td_status_padd2\" align=\"center\" width=\"20%\">\n<div><span dir=\"auto\">\u25cf<\/span><\/div>\n<\/td>\n<\/tr>\n<tr>\n<td width=\"60%\"><span dir=\"auto\">Easily cut and join videos<\/span><\/td>\n<td class=\"td_border td_status_padd2\" align=\"center\" width=\"20%\">\n<div><span dir=\"auto\">\u25cf<\/span><\/div>\n<\/td>\n<\/tr>\n<tr>\n<td width=\"60%\"><span dir=\"auto\">Save time by batch processing multiple films at once<\/span><\/td>\n<td class=\"td_border td_status_padd2\" align=\"center\" width=\"20%\">\n<div><span dir=\"auto\">\u25cf<\/span><\/div>\n<\/td>\n<\/tr>\n<tr>\n<td width=\"60%\"><span dir=\"auto\">Ideal for editing drone videos<\/span><\/td>\n<td class=\"td_border td_status_padd2\" align=\"center\" width=\"20%\">\n<div><span dir=\"auto\">\u25cf<\/span><\/div>\n<\/td>\n<\/tr>\n<\/tbody>\n<\/table>\n<\/div>\n<div><\/div>\n<div>\n<h3 class=\"clear\"><span dir=\"auto\">Thank you to our translators<\/span><\/h3>\n<\/div>\n<div><img decoding=\"async\" src=\"https:\/\/img.ashampoo.com\/ashampoo.com_images\/img\/1\/template\/navigationflags\/1.gif\" alt=\"English\" align=\"left\" \/><span dir=\"auto\">English<\/span><br \/>\n<img decoding=\"async\" src=\"https:\/\/img.ashampoo.com\/ashampoo.com_images\/img\/1\/template\/navigationflags\/2.gif\" alt=\"German\" align=\"left\" \/><span dir=\"auto\">English<\/span><br \/>\n<img decoding=\"async\" src=\"https:\/\/img.ashampoo.com\/ashampoo.com_images\/img\/1\/template\/navigationflags\/3.gif\" alt=\"Dutch\" align=\"left\" \/><span dir=\"auto\">Dutch (Guy Raedersdorf)<\/span><br \/>\n<img decoding=\"async\" src=\"https:\/\/img.ashampoo.com\/ashampoo.com_images\/img\/1\/template\/navigationflags\/4.gif\" alt=\"French\" align=\"left\" \/><span dir=\"auto\">French<\/span><br \/>\n<img decoding=\"async\" src=\"https:\/\/img.ashampoo.com\/ashampoo.com_images\/img\/1\/template\/navigationflags\/5.gif\" alt=\"Hungarian\" align=\"left\" \/><span dir=\"auto\">Hungarian (L\u00e1szl\u00f3 Koncz)<\/span><br \/>\n<img decoding=\"async\" src=\"https:\/\/img.ashampoo.com\/ashampoo.com_images\/img\/1\/template\/navigationflags\/6.gif\" alt=\"Russian\" align=\"left\" \/><span dir=\"auto\">Russian<\/span><br \/>\n<img decoding=\"async\" src=\"https:\/\/img.ashampoo.com\/ashampoo.com_images\/img\/1\/template\/navigationflags\/7.gif\" alt=\"Polish\" align=\"left\" \/><span dir=\"auto\">Polish (Artur Krupa)<\/span><br \/>\n<img decoding=\"async\" src=\"https:\/\/img.ashampoo.com\/ashampoo.com_images\/img\/1\/template\/navigationflags\/8.gif\" alt=\"Italian\" align=\"left\" \/><span dir=\"auto\">Italian<\/span><br \/>\n<img decoding=\"async\" src=\"https:\/\/img.ashampoo.com\/ashampoo.com_images\/img\/1\/template\/navigationflags\/11.gif\" alt=\"Spanish\" align=\"left\" \/><span dir=\"auto\">Spanish<\/span><br \/>\n<img decoding=\"async\" src=\"https:\/\/img.ashampoo.com\/ashampoo.com_images\/img\/1\/template\/navigationflags\/12.gif\" alt=\"Swedish\" align=\"left\" \/><span dir=\"auto\">Swedish (Olle Ohlsson)<\/span><br \/>\n<img decoding=\"async\" src=\"https:\/\/img.ashampoo.com\/ashampoo.com_images\/img\/1\/template\/navigationflags\/14.gif\" alt=\"Turkish\" align=\"left\" \/><span dir=\"auto\">Turkish (\u00e7a\u011fda\u015f Tatar)<\/span><br \/>\n<img decoding=\"async\" src=\"https:\/\/img.ashampoo.com\/ashampoo.com_images\/img\/1\/template\/navigationflags\/16.gif\" alt=\"Czech\" align=\"left\" \/><span dir=\"auto\">Czech (Libor Divis)<\/span><br \/>\n<img decoding=\"async\" src=\"https:\/\/img.ashampoo.com\/ashampoo.com_images\/img\/1\/template\/navigationflags\/24.gif\" alt=\"Portuguese (Brazilian)\" align=\"left\" \/><span dir=\"auto\">Portuguese (Brazilian) (Jos\u00e8 Carlos Taveira)<\/span><br \/>\n<img decoding=\"async\" src=\"https:\/\/img.ashampoo.com\/ashampoo.com_images\/img\/1\/template\/navigationflags\/26.gif\" alt=\"Traditional Chinese\" align=\"left\" \/><span dir=\"auto\">Traditional Chinese (Alan)<\/span><br \/>\n<img decoding=\"async\" src=\"https:\/\/img.ashampoo.com\/ashampoo.com_images\/img\/1\/template\/navigationflags\/34.gif\" alt=\"In Romanian\" align=\"left\" \/><span dir=\"auto\">Romanian (Andrei Grigorcea)<\/span><br \/>\n<img decoding=\"async\" src=\"https:\/\/img.ashampoo.com\/ashampoo.com_images\/img\/1\/template\/navigationflags\/36.gif\" alt=\"Catalan\" align=\"left\" \/><span dir=\"auto\">Catalan (Joan Queralt)<\/span><br \/>\n<img decoding=\"async\" src=\"https:\/\/img.ashampoo.com\/ashampoo.com_images\/img\/1\/template\/navigationflags\/46.gif\" alt=\"Slovak\" align=\"left\" \/><span dir=\"auto\">Slovak (Milan Slov\u00e1k)<\/span><br \/>\n<img decoding=\"async\" src=\"https:\/\/img.ashampoo.com\/ashampoo.com_images\/img\/1\/template\/navigationflags\/48.gif\" alt=\"In Finnish\" align=\"left\" \/><span dir=\"auto\">Finnish (Veikko Muurikainen)<\/span><br \/>\n<img decoding=\"async\" src=\"https:\/\/img.ashampoo.com\/ashampoo.com_images\/img\/1\/template\/navigationflags\/59.gif\" alt=\"Spanish (Argentina)\" align=\"left\" \/><span dir=\"auto\">Spanish (Argentina) (Angel De Giorgi)<\/span><\/div>\n<div><\/div>\n<div><strong><span dir=\"auto\">System requirements<\/span><\/strong><\/div>\n<div><strong><span dir=\"auto\">Operating system:<\/span><\/strong><span dir=\"auto\">You need the 64-bit version of the following operating systems:<\/span><\/p>\n<p><span dir=\"auto\">Windows\u00ae 10, Windows\u00ae 8, Windows\u00ae 7<\/span><\/p>\n<p><strong><span dir=\"auto\">software:<\/span><\/strong><span dir=\"auto\">Windows Media Player 10<\/span><\/p>\n<p><span dir=\"auto\">.NET Framework 4.0<\/span><\/p>\n<p><strong><span dir=\"auto\">Processor:<\/span><\/strong><span dir=\"auto\">DVD-quality processing\/production &#8211; dual-core processor with at least 2.4 GHz<\/span><\/p>\n<p><span dir=\"auto\">High-quality HD editing\/production Intel Core i5\/i7 or similar quad-core processors<\/span><\/p>\n<p><strong><span dir=\"auto\">Working memory (RAM):<\/span><\/strong><span dir=\"auto\">DVD quality, at least 2 GB of free memory<\/span><\/p>\n<p><span dir=\"auto\">HD quality: at least 4 GB of free memory<\/span><\/p>\n<p><span dir=\"auto\">Ideal: 8 GB of memory or more<\/span><\/p>\n<p><strong><span dir=\"auto\">Video card:<\/span><\/strong><span dir=\"auto\">DirectX 9<\/span><\/p>\n<p><span dir=\"auto\">Pixelshader v2.0<\/span><\/p>\n<p><span dir=\"auto\">Min. 128 MB of RAM.<\/span><\/p>\n<p><span dir=\"auto\">Min. 1280 x 1024<\/span><\/p>\n<p><strong><span dir=\"auto\">Miscellaneous :<\/span><\/strong><span dir=\"auto\">An internet connection is required to activate the program. The program license is checked at regular intervals.<\/span><\/p>\n<p><span dir=\"auto\">An internet connection is required for some services.<\/span><\/p>\n<\/div>\n\n    <div class=\"xs_social_share_widget xs_share_url after_content \t\tmain_content  wslu-style-1 wslu-share-box-shaped wslu-fill-colored wslu-none wslu-share-horizontal wslu-theme-font-no wslu-main_content\">\n\n\t\t\n        <ul>\n\t\t\t        <\/ul>\n    <\/div> \n","protected":false},"excerpt":{"rendered":"<p>Digitally delivered by email within a few minutes after payment confirmation. These are ESD digital licenses \u2014 all product keys are original and have no expiration date. They can be reinstalled on the same activated device at any time.<\/p>\n<p>By purchasing this product, you will receive the digital software download from our servers along with the product key needed for software activation, as well as detailed installation instructions.<\/p>\n<p>License previously used and relinquished by the former owner in compliance with\u00a0<strong>CJEU ruling C-128\/2011 : <\/strong><\/p>\n<ul>\n<li>License valid for 1 device<\/li>\n<li>Compatible with Windows<\/li>\n<li>Instant digital delivery<\/li>\n<li>24\/7 support, also available via WhatsApp<\/li>\n<li>No expiration<\/li>\n<li>Reusable after formatting<\/li>\n<li>Lifetime updates<\/li>\n<\/ul>\n","protected":false},"featured_media":1118,"comment_status":"open","ping_status":"closed","template":"","meta":{"postBodyCss":"","postBodyMargin":[],"postBodyPadding":[],"postBodyBackground":{"backgroundType":"classic","gradient":""}},"product_brand":[],"product_cat":[34,23],"product_tag":[],"class_list":{"0":"post-1117","1":"product","2":"type-product","3":"status-publish","4":"has-post-thumbnail","6":"product_cat-ashampoo","7":"product_cat-software","9":"first","10":"instock","11":"sale","12":"shipping-taxable","13":"purchasable","14":"product-type-simple"},"yoast_head":"<!-- This site is optimized with the Yoast SEO plugin v27.4 - https:\/\/yoast.com\/product\/yoast-seo-wordpress\/ -->\n<title>Ashampoo ActionCam - Key Pro Solutions<\/title>\n<meta name=\"robots\" content=\"index, follow, max-snippet:-1, max-image-preview:large, max-video-preview:-1\" \/>\n<link rel=\"canonical\" href=\"https:\/\/keypro-solutions.com\/product\/ashampoo-actioncam\/\" \/>\n<meta property=\"og:locale\" content=\"en_US\" \/>\n<meta property=\"og:type\" content=\"article\" \/>\n<meta property=\"og:title\" content=\"Ashampoo ActionCam - Key Pro Solutions\" \/>\n<meta property=\"og:description\" content=\"Digitally delivered by email within a few minutes after payment confirmation. These are ESD digital licenses \u2014 all product keys are original and have no expiration date. They can be reinstalled on the same activated device at any time.  By purchasing this product, you will receive the digital software download from our servers along with the product key needed for software activation, as well as detailed installation instructions.  License previously used and relinquished by the former owner in compliance with\u00a0CJEU ruling C-128\/2011 :    License valid for 1 device  Compatible with Windows  Instant digital delivery  24\/7 support, also available via WhatsApp  No expiration  Reusable after formatting  Lifetime updates\" \/>\n<meta property=\"og:url\" content=\"https:\/\/keypro-solutions.com\/product\/ashampoo-actioncam\/\" \/>\n<meta property=\"og:site_name\" content=\"Key Pro Solutions\" \/>\n<meta property=\"og:image\" content=\"https:\/\/keypro-solutions.com\/wp-content\/uploads\/2026\/04\/Capture-decran-2026-04-12-221655.png\" \/>\n\t<meta property=\"og:image:width\" content=\"728\" \/>\n\t<meta property=\"og:image:height\" content=\"898\" \/>\n\t<meta property=\"og:image:type\" content=\"image\/png\" \/>\n<meta name=\"twitter:card\" content=\"summary_large_image\" \/>\n<meta name=\"twitter:label1\" content=\"Est. reading time\" \/>\n\t<meta name=\"twitter:data1\" content=\"8 minutes\" \/>\n<script type=\"application\/ld+json\" class=\"yoast-schema-graph\">{\"@context\":\"https:\\\/\\\/schema.org\",\"@graph\":[{\"@type\":\"WebPage\",\"@id\":\"https:\\\/\\\/keypro-solutions.com\\\/product\\\/ashampoo-actioncam\\\/\",\"url\":\"https:\\\/\\\/keypro-solutions.com\\\/product\\\/ashampoo-actioncam\\\/\",\"name\":\"Ashampoo ActionCam - Key Pro Solutions\",\"isPartOf\":{\"@id\":\"https:\\\/\\\/keypro-solutions.com\\\/#website\"},\"primaryImageOfPage\":{\"@id\":\"https:\\\/\\\/keypro-solutions.com\\\/product\\\/ashampoo-actioncam\\\/#primaryimage\"},\"image\":{\"@id\":\"https:\\\/\\\/keypro-solutions.com\\\/product\\\/ashampoo-actioncam\\\/#primaryimage\"},\"thumbnailUrl\":\"https:\\\/\\\/keypro-solutions.com\\\/wp-content\\\/uploads\\\/2026\\\/04\\\/Capture-decran-2026-04-12-221655.png\",\"datePublished\":\"2026-04-12T20:17:55+00:00\",\"breadcrumb\":{\"@id\":\"https:\\\/\\\/keypro-solutions.com\\\/product\\\/ashampoo-actioncam\\\/#breadcrumb\"},\"inLanguage\":\"en-US\",\"potentialAction\":[{\"@type\":\"ReadAction\",\"target\":[\"https:\\\/\\\/keypro-solutions.com\\\/product\\\/ashampoo-actioncam\\\/\"]}]},{\"@type\":\"ImageObject\",\"inLanguage\":\"en-US\",\"@id\":\"https:\\\/\\\/keypro-solutions.com\\\/product\\\/ashampoo-actioncam\\\/#primaryimage\",\"url\":\"https:\\\/\\\/keypro-solutions.com\\\/wp-content\\\/uploads\\\/2026\\\/04\\\/Capture-decran-2026-04-12-221655.png\",\"contentUrl\":\"https:\\\/\\\/keypro-solutions.com\\\/wp-content\\\/uploads\\\/2026\\\/04\\\/Capture-decran-2026-04-12-221655.png\",\"width\":728,\"height\":898},{\"@type\":\"BreadcrumbList\",\"@id\":\"https:\\\/\\\/keypro-solutions.com\\\/product\\\/ashampoo-actioncam\\\/#breadcrumb\",\"itemListElement\":[{\"@type\":\"ListItem\",\"position\":1,\"name\":\"Home\",\"item\":\"https:\\\/\\\/keypro-solutions.com\\\/\"},{\"@type\":\"ListItem\",\"position\":2,\"name\":\"Shop\",\"item\":\"https:\\\/\\\/keypro-solutions.com\\\/shop\\\/\"},{\"@type\":\"ListItem\",\"position\":3,\"name\":\"Ashampoo ActionCam\"}]},{\"@type\":\"WebSite\",\"@id\":\"https:\\\/\\\/keypro-solutions.com\\\/#website\",\"url\":\"https:\\\/\\\/keypro-solutions.com\\\/\",\"name\":\"Key Pro Solutions\",\"description\":\"\",\"publisher\":{\"@id\":\"https:\\\/\\\/keypro-solutions.com\\\/#organization\"},\"potentialAction\":[{\"@type\":\"SearchAction\",\"target\":{\"@type\":\"EntryPoint\",\"urlTemplate\":\"https:\\\/\\\/keypro-solutions.com\\\/?s={search_term_string}\"},\"query-input\":{\"@type\":\"PropertyValueSpecification\",\"valueRequired\":true,\"valueName\":\"search_term_string\"}}],\"inLanguage\":\"en-US\"},{\"@type\":\"Organization\",\"@id\":\"https:\\\/\\\/keypro-solutions.com\\\/#organization\",\"name\":\"Key Pro Solutions\",\"url\":\"https:\\\/\\\/keypro-solutions.com\\\/\",\"logo\":{\"@type\":\"ImageObject\",\"inLanguage\":\"en-US\",\"@id\":\"https:\\\/\\\/keypro-solutions.com\\\/#\\\/schema\\\/logo\\\/image\\\/\",\"url\":\"https:\\\/\\\/keypro-solutions.com\\\/wp-content\\\/uploads\\\/2026\\\/03\\\/Capture-decran-2026-03-14-210805.jpg\",\"contentUrl\":\"https:\\\/\\\/keypro-solutions.com\\\/wp-content\\\/uploads\\\/2026\\\/03\\\/Capture-decran-2026-03-14-210805.jpg\",\"width\":234,\"height\":90,\"caption\":\"Key Pro Solutions\"},\"image\":{\"@id\":\"https:\\\/\\\/keypro-solutions.com\\\/#\\\/schema\\\/logo\\\/image\\\/\"}}]}<\/script>\n<!-- \/ Yoast SEO plugin. -->","yoast_head_json":{"title":"Ashampoo ActionCam - Key Pro Solutions","robots":{"index":"index","follow":"follow","max-snippet":"max-snippet:-1","max-image-preview":"max-image-preview:large","max-video-preview":"max-video-preview:-1"},"canonical":"https:\/\/keypro-solutions.com\/product\/ashampoo-actioncam\/","og_locale":"en_US","og_type":"article","og_title":"Ashampoo ActionCam - Key Pro Solutions","og_description":"Digitally delivered by email within a few minutes after payment confirmation. These are ESD digital licenses \u2014 all product keys are original and have no expiration date. They can be reinstalled on the same activated device at any time.  By purchasing this product, you will receive the digital software download from our servers along with the product key needed for software activation, as well as detailed installation instructions.  License previously used and relinquished by the former owner in compliance with\u00a0CJEU ruling C-128\/2011 :    License valid for 1 device  Compatible with Windows  Instant digital delivery  24\/7 support, also available via WhatsApp  No expiration  Reusable after formatting  Lifetime updates","og_url":"https:\/\/keypro-solutions.com\/product\/ashampoo-actioncam\/","og_site_name":"Key Pro Solutions","og_image":[{"width":728,"height":898,"url":"https:\/\/keypro-solutions.com\/wp-content\/uploads\/2026\/04\/Capture-decran-2026-04-12-221655.png","type":"image\/png"}],"twitter_card":"summary_large_image","twitter_misc":{"Est. reading time":"8 minutes"},"schema":{"@context":"https:\/\/schema.org","@graph":[{"@type":"WebPage","@id":"https:\/\/keypro-solutions.com\/product\/ashampoo-actioncam\/","url":"https:\/\/keypro-solutions.com\/product\/ashampoo-actioncam\/","name":"Ashampoo ActionCam - Key Pro Solutions","isPartOf":{"@id":"https:\/\/keypro-solutions.com\/#website"},"primaryImageOfPage":{"@id":"https:\/\/keypro-solutions.com\/product\/ashampoo-actioncam\/#primaryimage"},"image":{"@id":"https:\/\/keypro-solutions.com\/product\/ashampoo-actioncam\/#primaryimage"},"thumbnailUrl":"https:\/\/keypro-solutions.com\/wp-content\/uploads\/2026\/04\/Capture-decran-2026-04-12-221655.png","datePublished":"2026-04-12T20:17:55+00:00","breadcrumb":{"@id":"https:\/\/keypro-solutions.com\/product\/ashampoo-actioncam\/#breadcrumb"},"inLanguage":"en-US","potentialAction":[{"@type":"ReadAction","target":["https:\/\/keypro-solutions.com\/product\/ashampoo-actioncam\/"]}]},{"@type":"ImageObject","inLanguage":"en-US","@id":"https:\/\/keypro-solutions.com\/product\/ashampoo-actioncam\/#primaryimage","url":"https:\/\/keypro-solutions.com\/wp-content\/uploads\/2026\/04\/Capture-decran-2026-04-12-221655.png","contentUrl":"https:\/\/keypro-solutions.com\/wp-content\/uploads\/2026\/04\/Capture-decran-2026-04-12-221655.png","width":728,"height":898},{"@type":"BreadcrumbList","@id":"https:\/\/keypro-solutions.com\/product\/ashampoo-actioncam\/#breadcrumb","itemListElement":[{"@type":"ListItem","position":1,"name":"Home","item":"https:\/\/keypro-solutions.com\/"},{"@type":"ListItem","position":2,"name":"Shop","item":"https:\/\/keypro-solutions.com\/shop\/"},{"@type":"ListItem","position":3,"name":"Ashampoo ActionCam"}]},{"@type":"WebSite","@id":"https:\/\/keypro-solutions.com\/#website","url":"https:\/\/keypro-solutions.com\/","name":"Key Pro Solutions","description":"","publisher":{"@id":"https:\/\/keypro-solutions.com\/#organization"},"potentialAction":[{"@type":"SearchAction","target":{"@type":"EntryPoint","urlTemplate":"https:\/\/keypro-solutions.com\/?s={search_term_string}"},"query-input":{"@type":"PropertyValueSpecification","valueRequired":true,"valueName":"search_term_string"}}],"inLanguage":"en-US"},{"@type":"Organization","@id":"https:\/\/keypro-solutions.com\/#organization","name":"Key Pro Solutions","url":"https:\/\/keypro-solutions.com\/","logo":{"@type":"ImageObject","inLanguage":"en-US","@id":"https:\/\/keypro-solutions.com\/#\/schema\/logo\/image\/","url":"https:\/\/keypro-solutions.com\/wp-content\/uploads\/2026\/03\/Capture-decran-2026-03-14-210805.jpg","contentUrl":"https:\/\/keypro-solutions.com\/wp-content\/uploads\/2026\/03\/Capture-decran-2026-03-14-210805.jpg","width":234,"height":90,"caption":"Key Pro Solutions"},"image":{"@id":"https:\/\/keypro-solutions.com\/#\/schema\/logo\/image\/"}}]}},"_links":{"self":[{"href":"https:\/\/keypro-solutions.com\/wp-json\/wp\/v2\/product\/1117","targetHints":{"allow":["GET"]}}],"collection":[{"href":"https:\/\/keypro-solutions.com\/wp-json\/wp\/v2\/product"}],"about":[{"href":"https:\/\/keypro-solutions.com\/wp-json\/wp\/v2\/types\/product"}],"replies":[{"embeddable":true,"href":"https:\/\/keypro-solutions.com\/wp-json\/wp\/v2\/comments?post=1117"}],"wp:featuredmedia":[{"embeddable":true,"href":"https:\/\/keypro-solutions.com\/wp-json\/wp\/v2\/media\/1118"}],"wp:attachment":[{"href":"https:\/\/keypro-solutions.com\/wp-json\/wp\/v2\/media?parent=1117"}],"wp:term":[{"taxonomy":"product_brand","embeddable":true,"href":"https:\/\/keypro-solutions.com\/wp-json\/wp\/v2\/product_brand?post=1117"},{"taxonomy":"product_cat","embeddable":true,"href":"https:\/\/keypro-solutions.com\/wp-json\/wp\/v2\/product_cat?post=1117"},{"taxonomy":"product_tag","embeddable":true,"href":"https:\/\/keypro-solutions.com\/wp-json\/wp\/v2\/product_tag?post=1117"}],"curies":[{"name":"wp","href":"https:\/\/api.w.org\/{rel}","templated":true}]}}